{"id":2310,"date":"2020-09-05T18:15:50","date_gmt":"2020-09-05T16:15:50","guid":{"rendered":"http:\/\/www.1ciedarcdevincennes.fr\/?page_id=2310"},"modified":"2020-09-05T18:15:50","modified_gmt":"2020-09-05T16:15:50","slug":"5-septembre-2020-journee-des-associations-de-vincennes","status":"publish","type":"page","link":"https:\/\/www.1ciedarcdevincennes.fr\/index.php\/5-septembre-2020-journee-des-associations-de-vincennes\/","title":{"rendered":"5 septembre 2020 &#8211; Journ\u00e9e des associations de Vincennes"},"content":{"rendered":"<p><span style=\"font-size: 14pt;\">Bien s\u00fbr, cette ann\u00e9e encore, la 1\u00e8re Compagnie d&rsquo;arc de Vincennes \u00e9tait pr\u00e9sente sur un stand.<\/span><\/p>\n<p><span style=\"font-size: 14pt;\">De nombreuses personnes sont venues pour se renseigner sur le tir \u00e0 l\u2019arc et s\u2019inscrire \u00e0 leur activit\u00e9 pr\u00e9f\u00e9r\u00e9e.<\/span><\/p>\n<p><a href=\"https:\/\/www.1ciedarcdevincennes.fr\/?attachment_id=2312\" rel=\"attachment wp-att-2312\"><img loading=\"lazy\" class=\"alignright size-full wp-image-2312\" src=\"https:\/\/www.1ciedarcdevincennes.fr\/wp-content\/uploads\/2020\/09\/IMG_3163-scaled.jpg\" alt=\"\" width=\"2560\" height=\"1920\" srcset=\"https:\/\/www.1ciedarcdevincennes.fr\/wp-content\/uploads\/2020\/09\/IMG_3163-scaled.jpg 2560w, https:\/\/www.1ciedarcdevincennes.fr\/wp-content\/uploads\/2020\/09\/IMG_3163-300x225.jpg 300w, https:\/\/www.1ciedarcdevincennes.fr\/wp-content\/uploads\/2020\/09\/IMG_3163-1024x768.jpg 1024w, https:\/\/www.1ciedarcdevincennes.fr\/wp-content\/uploads\/2020\/09\/IMG_3163-768x576.jpg 768w, https:\/\/www.1ciedarcdevincennes.fr\/wp-content\/uploads\/2020\/09\/IMG_3163-1536x1152.jpg 1536w, https:\/\/www.1ciedarcdevincennes.fr\/wp-content\/uploads\/2020\/09\/IMG_3163-2048x1536.jpg 2048w, https:\/\/www.1ciedarcdevincennes.fr\/wp-content\/uploads\/2020\/09\/IMG_3163-830x623.jpg 830w, https:\/\/www.1ciedarcdevincennes.fr\/wp-content\/uploads\/2020\/09\/IMG_3163-230x173.jpg 230w, https:\/\/www.1ciedarcdevincennes.fr\/wp-content\/uploads\/2020\/09\/IMG_3163-350x263.jpg 350w, https:\/\/www.1ciedarcdevincennes.fr\/wp-content\/uploads\/2020\/09\/IMG_3163-480x360.jpg 480w\" sizes=\"(max-width: 2560px) 100vw, 2560px\" \/><\/a><\/p>\n<p><a href=\"https:\/\/www.1ciedarcdevincennes.fr\/?attachment_id=2311\" rel=\"attachment wp-att-2311\"><img loading=\"lazy\" class=\"alignright size-full wp-image-2311\" src=\"https:\/\/www.1ciedarcdevincennes.fr\/wp-content\/uploads\/2020\/09\/IMG_3161-scaled.jpg\" alt=\"\" width=\"2560\" height=\"1920\" srcset=\"https:\/\/www.1ciedarcdevincennes.fr\/wp-content\/uploads\/2020\/09\/IMG_3161-scaled.jpg 2560w, https:\/\/www.1ciedarcdevincennes.fr\/wp-content\/uploads\/2020\/09\/IMG_3161-300x225.jpg 300w, https:\/\/www.1ciedarcdevincennes.fr\/wp-content\/uploads\/2020\/09\/IMG_3161-1024x768.jpg 1024w, https:\/\/www.1ciedarcdevincennes.fr\/wp-content\/uploads\/2020\/09\/IMG_3161-768x576.jpg 768w, https:\/\/www.1ciedarcdevincennes.fr\/wp-content\/uploads\/2020\/09\/IMG_3161-1536x1152.jpg 1536w, https:\/\/www.1ciedarcdevincennes.fr\/wp-content\/uploads\/2020\/09\/IMG_3161-2048x1536.jpg 2048w, https:\/\/www.1ciedarcdevincennes.fr\/wp-content\/uploads\/2020\/09\/IMG_3161-830x623.jpg 830w, https:\/\/www.1ciedarcdevincennes.fr\/wp-content\/uploads\/2020\/09\/IMG_3161-230x173.jpg 230w, https:\/\/www.1ciedarcdevincennes.fr\/wp-content\/uploads\/2020\/09\/IMG_3161-350x263.jpg 350w, https:\/\/www.1ciedarcdevincennes.fr\/wp-content\/uploads\/2020\/09\/IMG_3161-480x360.jpg 480w\" sizes=\"(max-width: 2560px) 100vw, 2560px\" \/><\/a><a href=\"https:\/\/www.1ciedarcdevincennes.fr\/?attachment_id=2313\" rel=\"attachment wp-att-2313\"><img loading=\"lazy\" class=\"alignright size-full wp-image-2313\" src=\"https:\/\/www.1ciedarcdevincennes.fr\/wp-content\/uploads\/2020\/09\/IMG_3202-scaled.jpg\" alt=\"\" width=\"2560\" height=\"1920\" srcset=\"https:\/\/www.1ciedarcdevincennes.fr\/wp-content\/uploads\/2020\/09\/IMG_3202-scaled.jpg 2560w, https:\/\/www.1ciedarcdevincennes.fr\/wp-content\/uploads\/2020\/09\/IMG_3202-300x225.jpg 300w, https:\/\/www.1ciedarcdevincennes.fr\/wp-content\/uploads\/2020\/09\/IMG_3202-1024x768.jpg 1024w, https:\/\/www.1ciedarcdevincennes.fr\/wp-content\/uploads\/2020\/09\/IMG_3202-768x576.jpg 768w, https:\/\/www.1ciedarcdevincennes.fr\/wp-content\/uploads\/2020\/09\/IMG_3202-1536x1152.jpg 1536w, https:\/\/www.1ciedarcdevincennes.fr\/wp-content\/uploads\/2020\/09\/IMG_3202-2048x1536.jpg 2048w, https:\/\/www.1ciedarcdevincennes.fr\/wp-content\/uploads\/2020\/09\/IMG_3202-830x623.jpg 830w, https:\/\/www.1ciedarcdevincennes.fr\/wp-content\/uploads\/2020\/09\/IMG_3202-230x173.jpg 230w, https:\/\/www.1ciedarcdevincennes.fr\/wp-content\/uploads\/2020\/09\/IMG_3202-350x263.jpg 350w, https:\/\/www.1ciedarcdevincennes.fr\/wp-content\/uploads\/2020\/09\/IMG_3202-480x360.jpg 480w\" sizes=\"(max-width: 2560px) 100vw, 2560px\" \/><\/a><\/p>\n<p style=\"text-align: center;\"><span style=\"font-size: 18pt;\">Plein de nouvelles recrues en perspectives !<\/span><\/p>\n","protected":false},"excerpt":{"rendered":"<p>Bien s\u00fbr, cette ann\u00e9e encore, la 1\u00e8re Compagnie d&rsquo;arc de Vincennes \u00e9tait pr\u00e9sente sur un stand. De nombreuses personnes sont venues pour [&hellip;]<\/p>\n","protected":false},"author":1,"featured_media":0,"parent":0,"menu_order":0,"comment_status":"closed","ping_status":"closed","template":"","meta":{"_mc_calendar":[]},"_links":{"self":[{"href":"https:\/\/www.1ciedarcdevincennes.fr\/index.php\/wp-json\/wp\/v2\/pages\/2310"}],"collection":[{"href":"https:\/\/www.1ciedarcdevincennes.fr\/index.php\/wp-json\/wp\/v2\/pages"}],"about":[{"href":"https:\/\/www.1ciedarcdevincennes.fr\/index.php\/wp-json\/wp\/v2\/types\/page"}],"author":[{"embeddable":true,"href":"https:\/\/www.1ciedarcdevincennes.fr\/index.php\/wp-json\/wp\/v2\/users\/1"}],"replies":[{"embeddable":true,"href":"https:\/\/www.1ciedarcdevincennes.fr\/index.php\/wp-json\/wp\/v2\/comments?post=2310"}],"version-history":[{"count":2,"href":"https:\/\/www.1ciedarcdevincennes.fr\/index.php\/wp-json\/wp\/v2\/pages\/2310\/revisions"}],"predecessor-version":[{"id":2317,"href":"https:\/\/www.1ciedarcdevincennes.fr\/index.php\/wp-json\/wp\/v2\/pages\/2310\/revisions\/2317"}],"wp:attachment":[{"href":"https:\/\/www.1ciedarcdevincennes.fr\/index.php\/wp-json\/wp\/v2\/media?parent=2310"}],"curies":[{"name":"wp","href":"https:\/\/api.w.org\/{rel}","templated":true}]}}