{"id":2329,"date":"2020-10-09T14:26:46","date_gmt":"2020-10-09T12:26:46","guid":{"rendered":"http:\/\/www.1ciedarcdevincennes.fr\/?page_id=2329"},"modified":"2022-06-15T14:01:56","modified_gmt":"2022-06-15T12:01:56","slug":"mandats-2020-vincennes","status":"publish","type":"page","link":"https:\/\/www.1ciedarcdevincennes.fr\/index.php\/mandats-2020-vincennes\/","title":{"rendered":"Mandat Prix g\u00e9n\u00e9ral Vincennes"},"content":{"rendered":"<p>Le mandat pour le Prix G\u00e9n\u00e9ral de la Compagnie de Vincennes du 20 ao\u00fbt au 11 septembre 2022 est <strong><span style=\"text-decoration: underline;\"><a href=\"https:\/\/www.1ciedarcdevincennes.fr\/wp-content\/uploads\/2022\/06\/Mandat-PG-2022.pdf\">Ici<\/a><\/span><\/strong><\/p>\n","protected":false},"excerpt":{"rendered":"<p>Le mandat pour le Prix G\u00e9n\u00e9ral de la Compagnie de Vincennes du 20 ao\u00fbt au 11 septembre 2022 est Ici<\/p>\n","protected":false},"author":1,"featured_media":0,"parent":0,"menu_order":0,"comment_status":"closed","ping_status":"closed","template":"","meta":{"_mc_calendar":[]},"_links":{"self":[{"href":"https:\/\/www.1ciedarcdevincennes.fr\/index.php\/wp-json\/wp\/v2\/pages\/2329"}],"collection":[{"href":"https:\/\/www.1ciedarcdevincennes.fr\/index.php\/wp-json\/wp\/v2\/pages"}],"about":[{"href":"https:\/\/www.1ciedarcdevincennes.fr\/index.php\/wp-json\/wp\/v2\/types\/page"}],"author":[{"embeddable":true,"href":"https:\/\/www.1ciedarcdevincennes.fr\/index.php\/wp-json\/wp\/v2\/users\/1"}],"replies":[{"embeddable":true,"href":"https:\/\/www.1ciedarcdevincennes.fr\/index.php\/wp-json\/wp\/v2\/comments?post=2329"}],"version-history":[{"count":7,"href":"https:\/\/www.1ciedarcdevincennes.fr\/index.php\/wp-json\/wp\/v2\/pages\/2329\/revisions"}],"predecessor-version":[{"id":2445,"href":"https:\/\/www.1ciedarcdevincennes.fr\/index.php\/wp-json\/wp\/v2\/pages\/2329\/revisions\/2445"}],"wp:attachment":[{"href":"https:\/\/www.1ciedarcdevincennes.fr\/index.php\/wp-json\/wp\/v2\/media?parent=2329"}],"curies":[{"name":"wp","href":"https:\/\/api.w.org\/{rel}","templated":true}]}}