{"id":310,"date":"2016-10-23T16:59:52","date_gmt":"2016-10-23T14:59:52","guid":{"rendered":"http:\/\/www.1ciedarcdevincennes.fr\/?page_id=310"},"modified":"2017-12-03T21:06:23","modified_gmt":"2017-12-03T20:06:23","slug":"miniraid","status":"publish","type":"page","link":"https:\/\/www.1ciedarcdevincennes.fr\/index.php\/actualites\/actualites-2016\/miniraid\/","title":{"rendered":"Mini raid"},"content":{"rendered":"<p><span style=\"color: #000000;\"><strong><span style=\"font-family: comic sans ms,sans-serif; font-size: 14pt;\"><u>Premi\u00e8re Compagnie d\u2019Arc de Vincennes.<\/u><\/span><\/strong><\/span><\/p>\n<p><span style=\"font-family: comic sans ms,sans-serif; font-size: 14pt; color: #000000;\"><u><strong>Mini raid du 9 0ctobre 2016\u00a0 (par Christian):<\/strong> <\/u><\/span><\/p>\n<p>&nbsp;<\/p>\n<p><span style=\"font-family: comic sans ms,sans-serif; font-size: 14pt; color: #000000;\">Le 9 octobre dernier, comme chaque ann\u00e9e, la Ville de Vincennes organisait son traditionnel mini-raid offrant aux jeunes de 9 \u00e0 15 ans l\u2019occasion d\u2019un parcours sportif dans la ville sur plusieurs activit\u00e9s.<\/span><\/p>\n<p>&nbsp;<\/p>\n<p><span style=\"font-family: comic sans ms,sans-serif; font-size: 14pt; color: #000000;\">La 1<sup>\u00e8re<\/sup> Compagnie\u00a0 d\u2019Arc de Vincennes qui organise depuis de nombreuses ann\u00e9es l\u2019\u00e9preuve de tir \u00e0 l\u2019arc, a accueilli les jeunes dans son jeu d\u2019arc rue Defrance.<\/span><\/p>\n<p>&nbsp;<\/p>\n<p><span style=\"font-family: comic sans ms,sans-serif; font-size: 14pt; color: #000000;\">Plus d\u2019une centaine de jeunes ont ainsi pu d\u00e9couvrir, ou retrouver pour certains, la Compagnie, son logis, sa cour et son jeu d\u2019arc avec ses deux magnifiques all\u00e9es de tir.<\/span><\/p>\n<p>&nbsp;<\/p>\n<p><img loading=\"lazy\" class=\"aligncenter wp-image-312 size-full\" src=\"https:\/\/www.1ciedarcdevincennes.fr\/wp-content\/uploads\/2016\/10\/IMG_1011-e1477743709135.jpg\" alt=\"img_1011\" width=\"800\" height=\"600\" \/><\/p>\n<p>&nbsp;<\/p>\n<p><span style=\"font-family: comic sans ms,sans-serif; font-size: 14pt; color: #000000;\">Encadr\u00e9s par les archers b\u00e9n\u00e9voles de la Compagnie, les comp\u00e9titeurs du mini-raid, r\u00e9partis par \u00e9quipes sur les quatre buttes du jeu d\u2019arc, ont tir\u00e9 leurs fl\u00e8ches, les premi\u00e8res de leur vie pour nombre d\u2019entre eux. Apr\u00e8s des tirs d\u2019essais, le tir compt\u00e9 pour le classement du miniraid a \u00e9t\u00e9 au c\u0153ur de l\u2019\u00e9preuve, agr\u00e9ablement suivi par un tir de d\u00e9tente pour transpercer quelques ballons.<\/span><\/p>\n<p>&nbsp;<\/p>\n<p><img loading=\"lazy\" class=\"aligncenter wp-image-313 size-full\" src=\"https:\/\/www.1ciedarcdevincennes.fr\/wp-content\/uploads\/2016\/10\/IMG_1017.jpg\" alt=\"img_1017\" width=\"750\" height=\"625\" srcset=\"https:\/\/www.1ciedarcdevincennes.fr\/wp-content\/uploads\/2016\/10\/IMG_1017.jpg 750w, https:\/\/www.1ciedarcdevincennes.fr\/wp-content\/uploads\/2016\/10\/IMG_1017-300x250.jpg 300w, https:\/\/www.1ciedarcdevincennes.fr\/wp-content\/uploads\/2016\/10\/IMG_1017-230x192.jpg 230w, https:\/\/www.1ciedarcdevincennes.fr\/wp-content\/uploads\/2016\/10\/IMG_1017-350x292.jpg 350w, https:\/\/www.1ciedarcdevincennes.fr\/wp-content\/uploads\/2016\/10\/IMG_1017-480x400.jpg 480w\" sizes=\"(max-width: 750px) 100vw, 750px\" \/><\/p>\n<p>&nbsp;<\/p>\n<p><span style=\"font-family: comic sans ms,sans-serif; font-size: 14pt; color: #000000;\">Les jeunes archers en herbe se sont montr\u00e9s motiv\u00e9s et concentr\u00e9s pour donner le meilleur d\u2019eux-m\u00eames sous les conseils avis\u00e9s des archers de la Compagnie. Ils repartaient tous satisfaits, regrettant de ne pouvoir rester plus longtemps.<\/span><\/p>\n<p>&nbsp;<\/p>\n<p><img loading=\"lazy\" class=\"aligncenter wp-image-311 size-full\" src=\"https:\/\/www.1ciedarcdevincennes.fr\/wp-content\/uploads\/2016\/10\/IMG_1009.jpg\" alt=\"img_1009\" width=\"878\" height=\"709\" srcset=\"https:\/\/www.1ciedarcdevincennes.fr\/wp-content\/uploads\/2016\/10\/IMG_1009.jpg 878w, https:\/\/www.1ciedarcdevincennes.fr\/wp-content\/uploads\/2016\/10\/IMG_1009-300x242.jpg 300w, https:\/\/www.1ciedarcdevincennes.fr\/wp-content\/uploads\/2016\/10\/IMG_1009-768x620.jpg 768w, https:\/\/www.1ciedarcdevincennes.fr\/wp-content\/uploads\/2016\/10\/IMG_1009-830x670.jpg 830w, https:\/\/www.1ciedarcdevincennes.fr\/wp-content\/uploads\/2016\/10\/IMG_1009-230x186.jpg 230w, https:\/\/www.1ciedarcdevincennes.fr\/wp-content\/uploads\/2016\/10\/IMG_1009-350x283.jpg 350w, https:\/\/www.1ciedarcdevincennes.fr\/wp-content\/uploads\/2016\/10\/IMG_1009-480x388.jpg 480w\" sizes=\"(max-width: 878px) 100vw, 878px\" \/><\/p>\n<p>&nbsp;<\/p>\n<p>&nbsp;<\/p>\n<p><span style=\"font-family: comic sans ms,sans-serif; font-size: 14pt; color: #000000;\">Gr\u00e2ce \u00e0 la contribution des accompagnateurs de l\u2019Espace Jeunes et de nos b\u00e9n\u00e9voles, l\u2019activit\u00e9 a \u00e9t\u00e9 pleinement r\u00e9ussie dans la bonne humeur et avec la chance d\u2019un temps ensoleill\u00e9, comme chaque ann\u00e9e. Que chacun en soit remerci\u00e9.<\/span><\/p>\n<p>&nbsp;<\/p>\n<p><span style=\"color: #0000b7;\"><em><span style=\"font-family: comic sans ms,sans-serif; font-size: 14pt;\">Christian<\/span><\/em><\/span><\/p>\n","protected":false},"excerpt":{"rendered":"<p>Premi\u00e8re Compagnie d\u2019Arc de Vincennes. Mini raid du 9 0ctobre 2016\u00a0 (par Christian): &nbsp; Le 9 octobre dernier, comme chaque ann\u00e9e, la [&hellip;]<\/p>\n","protected":false},"author":1,"featured_media":0,"parent":1127,"menu_order":0,"comment_status":"closed","ping_status":"closed","template":"page-templates\/page_fullwidth.php","meta":{"_mc_calendar":[]},"_links":{"self":[{"href":"https:\/\/www.1ciedarcdevincennes.fr\/index.php\/wp-json\/wp\/v2\/pages\/310"}],"collection":[{"href":"https:\/\/www.1ciedarcdevincennes.fr\/index.php\/wp-json\/wp\/v2\/pages"}],"about":[{"href":"https:\/\/www.1ciedarcdevincennes.fr\/index.php\/wp-json\/wp\/v2\/types\/page"}],"author":[{"embeddable":true,"href":"https:\/\/www.1ciedarcdevincennes.fr\/index.php\/wp-json\/wp\/v2\/users\/1"}],"replies":[{"embeddable":true,"href":"https:\/\/www.1ciedarcdevincennes.fr\/index.php\/wp-json\/wp\/v2\/comments?post=310"}],"version-history":[{"count":14,"href":"https:\/\/www.1ciedarcdevincennes.fr\/index.php\/wp-json\/wp\/v2\/pages\/310\/revisions"}],"predecessor-version":[{"id":383,"href":"https:\/\/www.1ciedarcdevincennes.fr\/index.php\/wp-json\/wp\/v2\/pages\/310\/revisions\/383"}],"up":[{"embeddable":true,"href":"https:\/\/www.1ciedarcdevincennes.fr\/index.php\/wp-json\/wp\/v2\/pages\/1127"}],"wp:attachment":[{"href":"https:\/\/www.1ciedarcdevincennes.fr\/index.php\/wp-json\/wp\/v2\/media?parent=310"}],"curies":[{"name":"wp","href":"https:\/\/api.w.org\/{rel}","templated":true}]}}