{"id":36,"date":"2016-09-27T21:49:49","date_gmt":"2016-09-27T19:49:49","guid":{"rendered":"http:\/\/www.1ciedarcdevincennes.fr\/?page_id=36"},"modified":"2017-05-14T20:47:18","modified_gmt":"2017-05-14T18:47:18","slug":"les-traditions-et-usages","status":"publish","type":"page","link":"https:\/\/www.1ciedarcdevincennes.fr\/index.php\/histoire-et-traditions\/les-traditions-et-usages\/","title":{"rendered":"Les Traditions et Usages"},"content":{"rendered":"<p><em><span style=\"color: #000000; font-size: 14pt; font-family: 'comic sans ms', sans-serif;\">Les traditions de l\u2019archerie en France remontent au Moyen-age lors de la cr\u00e9ation des Compagnies d\u2019arc, elles m\u00eames issues d\u2019organismes semi-militaires et semi-civils.<\/span><\/em><\/p>\n<p><em><span style=\"color: #000000; font-size: 14pt; font-family: 'comic sans ms', sans-serif;\">\u00a0<\/span><\/em><\/p>\n<p><em><span style=\"color: #000000; font-size: 14pt; font-family: 'comic sans ms', sans-serif;\">Ces traditions, diffus\u00e9es le plus souvent oralement entre initi\u00e9s, ont n\u00e9anmoins donn\u00e9 naissance \u00e0 partir du 15<sup>\u00e8me<\/sup> si\u00e8cle \u00e0 des r\u00e8glements codifiant le fonctionnement de ces Compagnies d\u2019arc.<\/span><\/em><\/p>\n<p><em><span style=\"color: #000000; font-size: 14pt; font-family: 'comic sans ms', sans-serif;\">Il est apparu \u00e0 cette \u00e9poque une Chevalerie de l\u2019arc dont les Chevaliers ont toujours cherch\u00e9 \u00e0 transmettre ces traditions.<\/span><\/em><\/p>\n<p><em><span style=\"color: #000000; font-size: 14pt; font-family: 'comic sans ms', sans-serif;\">\u00a0<\/span><\/em><\/p>\n<p><em><span style=\"color: #000000; font-size: 14pt; font-family: 'comic sans ms', sans-serif;\">\u00a0<\/span><\/em><\/p>\n<p><em><span style=\"color: #000000; font-size: 14pt; font-family: 'comic sans ms', sans-serif;\">L\u2019abandon de l\u2019arc comme arme de guerre au 16\u00e8me si\u00e8cle et l\u2019apparition de l\u2019arquebuse ont favoris\u00e9 des divergeances au sein des Compagnies et il faudra attendre le 18<sup>\u00e8me<\/sup> si\u00e8cle pour que soient r\u00e9dig\u00e9s pour toute la France, des statuts \u00e9dict\u00e9s par Monseigneur Henri\u00a0Charles Arnaud de POMPONNE, abb\u00e9 de Saint-M\u00e9dard les Soissons. <\/span><\/em><\/p>\n<p><em><span style=\"color: #000000; font-size: 14pt; font-family: 'comic sans ms', sans-serif;\">Ce document de 1733 comprend deux volets\u00a0; la r\u00e9ception comme Chevalier et l\u2019inscription\u00a0comme confr\u00e8re de Saint-S\u00e9bastien. 70 articles r\u00e9glaient tous les d\u00e9tails de cette Chevalerie.\u00a0 <\/span><\/em><\/p>\n<p><em><span style=\"color: #000000; font-size: 14pt; font-family: 'comic sans ms', sans-serif;\">Durant le 18 et 19\u00e8me si\u00e8cle les r\u00e8glements des Compagnies d\u2019arc faisaient largement r\u00e9f\u00e9rence \u00e0 la religion chr\u00e9tienne. L\u2019apparition de la la\u00efcit\u00e9 a n\u00e9cessit\u00e9 une modification de ces r\u00e8glements et la loi de 1901 qui r\u00e9git, de nos jours, les Compagnie d\u2019arc y a ajout\u00e9 des \u00e9l\u00e9ments administratifs.<\/span><\/em><\/p>\n<p><em><span style=\"color: #000000; font-size: 14pt; font-family: 'comic sans ms', sans-serif;\">\u00a0<\/span><\/em><\/p>\n<p><em><span style=\"color: #000000; font-size: 14pt; font-family: 'comic sans ms', sans-serif;\">Bien que modernis\u00e9es, les traditions sont toujours en usage dans les Compagnies d\u2019arc. Elles sont, avant tout, un ensemble de r\u00e8gles de s\u00e9curit\u00e9, de biens\u00e9ance et de respect envers les autres et la devise \u00ab HONNEUR et COURTOISIE \u00bb est toujours de rigueur.<\/span><\/em><\/p>\n<p style=\"text-align: justify;\">\n","protected":false},"excerpt":{"rendered":"<p>Les traditions de l\u2019archerie en France remontent au Moyen-age lors de la cr\u00e9ation des Compagnies d\u2019arc, elles m\u00eames issues d\u2019organismes semi-militaires et [&hellip;]<\/p>\n","protected":false},"author":1,"featured_media":0,"parent":30,"menu_order":0,"comment_status":"closed","ping_status":"closed","template":"page-templates\/page_fullwidth.php","meta":{"_mc_calendar":[]},"_links":{"self":[{"href":"https:\/\/www.1ciedarcdevincennes.fr\/index.php\/wp-json\/wp\/v2\/pages\/36"}],"collection":[{"href":"https:\/\/www.1ciedarcdevincennes.fr\/index.php\/wp-json\/wp\/v2\/pages"}],"about":[{"href":"https:\/\/www.1ciedarcdevincennes.fr\/index.php\/wp-json\/wp\/v2\/types\/page"}],"author":[{"embeddable":true,"href":"https:\/\/www.1ciedarcdevincennes.fr\/index.php\/wp-json\/wp\/v2\/users\/1"}],"replies":[{"embeddable":true,"href":"https:\/\/www.1ciedarcdevincennes.fr\/index.php\/wp-json\/wp\/v2\/comments?post=36"}],"version-history":[{"count":7,"href":"https:\/\/www.1ciedarcdevincennes.fr\/index.php\/wp-json\/wp\/v2\/pages\/36\/revisions"}],"predecessor-version":[{"id":216,"href":"https:\/\/www.1ciedarcdevincennes.fr\/index.php\/wp-json\/wp\/v2\/pages\/36\/revisions\/216"}],"up":[{"embeddable":true,"href":"https:\/\/www.1ciedarcdevincennes.fr\/index.php\/wp-json\/wp\/v2\/pages\/30"}],"wp:attachment":[{"href":"https:\/\/www.1ciedarcdevincennes.fr\/index.php\/wp-json\/wp\/v2\/media?parent=36"}],"curies":[{"name":"wp","href":"https:\/\/api.w.org\/{rel}","templated":true}]}}