{"id":38,"date":"2016-09-27T21:50:02","date_gmt":"2016-09-27T19:50:02","guid":{"rendered":"http:\/\/www.1ciedarcdevincennes.fr\/?page_id=38"},"modified":"2017-05-14T20:47:06","modified_gmt":"2017-05-14T18:47:06","slug":"le-tir-beursault","status":"publish","type":"page","link":"https:\/\/www.1ciedarcdevincennes.fr\/index.php\/histoire-et-traditions\/le-tir-beursault\/","title":{"rendered":"Le Tir Beursault"},"content":{"rendered":"<p style=\"text-align: justify;\"><span style=\"text-decoration: underline;\"><strong><span style=\"color: #000000;\"><em><span style=\"font-size: 14pt; font-family: 'comic sans ms', sans-serif;\">Rappel historique :<\/span><\/em><\/span><\/strong><\/span><\/p>\n<p style=\"text-align: justify;\"><span style=\"color: #000000;\"><em><span style=\"font-size: 14pt; font-family: 'comic sans ms', sans-serif;\">Il s\u2019agit du tir traditionnel des Compagnies d\u2019Arc.\u00a0Pour s\u2019entra\u00eener, les Francs-Archers allaient \u00ab\u00a0bersailler\u00a0\u00bb une fl\u00e8che en aller-retour, d\u2019o\u00f9 le nom de Beursault.<\/span><\/em><\/span><br \/>\n<span style=\"color: #000000;\"> <em><span style=\"font-size: 14pt; font-family: 'comic sans ms', sans-serif;\">Les Chevaliers qui prennent part au tir doivent \u00eatre v\u00eatus correctement. Ils doivent, sous peine d\u2019amende, tirer leurs premi\u00e8res\u00a0fl\u00e8ches la t\u00eate couverte. Ils doivent \u00e9galement, avant de tirer, saluer les buttes (o\u00f9 se trouvent les cartes) et les assistants avant\u00a0de tirer leur premi\u00e8re fl\u00e8che :<\/span><\/em><\/span><br \/>\n<span style=\"color: #000000;\"> <em><span style=\"font-size: 14pt; font-family: 'comic sans ms', sans-serif;\">\u00ab\u00a0Messieurs, je vous salue\u00a0\u00bb et aujourd\u2019hui \u00ab\u00a0Mesdames, Messieurs, je vous salue\u00a0\u00bb.<\/span><\/em><\/span><\/p>\n<p style=\"text-align: justify;\"><span style=\"text-decoration: underline;\"><strong><span style=\"color: #000000;\"><em><span style=\"font-size: 14pt; font-family: 'comic sans ms', sans-serif;\">De nos jours :<\/span><\/em><\/span><\/strong><\/span><\/p>\n<p style=\"text-align: justify;\"><span style=\"color: #000000;\"><em><span style=\"font-size: 14pt; font-family: 'comic sans ms', sans-serif;\">L\u2019archer commence \u00e0 tirer vers la \u00ab\u00a0butte d\u2019attaque\u00a0\u00bb, puis vers la \u00ab\u00a0butte ma\u00eetresse\u00a0\u00bb. Ce parcours s\u2019appelle une \u00ab\u00a0halte\u00a0\u00bb.\u00a0Le tir comporte 20 haltes (soit un tir de 40 fl\u00e8ches) sur une cible dite \u00ab\u00a0Beursault\u00a0\u00bb.<\/span><\/em><\/span><\/p>\n<p style=\"text-align: justify;\"><span style=\"color: #000000;\"><em><span style=\"font-size: 14pt; font-family: 'comic sans ms', sans-serif;\">Cette cible est positionn\u00e9e sur la butte \u00e0 1 m du sol.<\/span><\/em><\/span><\/p>\n<p style=\"text-align: justify;\"><span style=\"color: #000000;\"><em><span style=\"font-size: 14pt; font-family: 'comic sans ms', sans-serif;\">Elle a un diam\u00e8tre de 45 cm et comporte 4 zones :\u00a0\u00a0<\/span><\/em><\/span><\/p>\n<p style=\"text-align: justify;\"><span style=\"color: #000000;\"><em><span style=\"font-size: 14pt; font-family: 'comic sans ms', sans-serif;\"><br \/>\n<\/span><\/em><\/span><\/p>\n<p style=\"text-align: justify;\"><span style=\"color: #000000;\">\u00a0\u00a0\u00a0\u00a0\u00a0\u00a0\u00a0\u00a0\u00a0\u00a0\u00a0\u00a0\u00a0\u00a0\u00a0\u00a0\u00a0\u00a0\u00a0\u00a0\u00a0\u00a0\u00a0\u00a0\u00a0\u00a0\u00a0\u00a0\u00a0\u00a0\u00a0\u00a0\u00a0\u00a0\u00a0\u00a0\u00a0\u00a0\u00a0\u00a0\u00a0\u00a0\u00a0\u00a0\u00a0<\/span><span style=\"color: #000000;\">\u00a0\u00a0\u00a0\u00a0\u00a0\u00a0<\/span><span style=\"color: #000000;\"><img loading=\"lazy\" class=\"size-full wp-image-176 alignnone\" src=\"https:\/\/www.1ciedarcdevincennes.fr\/wp-content\/uploads\/2016\/09\/Beursault.jpg\" alt=\"beursault\" width=\"464\" height=\"326\" srcset=\"https:\/\/www.1ciedarcdevincennes.fr\/wp-content\/uploads\/2016\/09\/Beursault.jpg 464w, https:\/\/www.1ciedarcdevincennes.fr\/wp-content\/uploads\/2016\/09\/Beursault-300x211.jpg 300w, https:\/\/www.1ciedarcdevincennes.fr\/wp-content\/uploads\/2016\/09\/Beursault-230x162.jpg 230w, https:\/\/www.1ciedarcdevincennes.fr\/wp-content\/uploads\/2016\/09\/Beursault-350x246.jpg 350w\" sizes=\"(max-width: 464px) 100vw, 464px\" \/><\/span><span style=\"color: #000000;\">\u00a0\u00a0\u00a0\u00a0\u00a0\u00a0\u00a0\u00a0\u00a0\u00a0\u00a0 <\/span><span style=\"color: #000000;\"><a href=\"https:\/\/www.1ciedarcdevincennes.fr\/wp-content\/uploads\/2016\/09\/beursault-e1477219316813.jpg\"><img loading=\"lazy\" class=\"size-full wp-image-246 alignleft\" src=\"https:\/\/www.1ciedarcdevincennes.fr\/wp-content\/uploads\/2016\/09\/beursault-e1477219316813.jpg\" alt=\"beursault\" width=\"300\" height=\"301\" \/><\/a><\/span><\/p>\n","protected":false},"excerpt":{"rendered":"<p>Rappel historique : Il s\u2019agit du tir traditionnel des Compagnies d\u2019Arc.\u00a0Pour s\u2019entra\u00eener, les Francs-Archers allaient \u00ab\u00a0bersailler\u00a0\u00bb une fl\u00e8che en aller-retour, d\u2019o\u00f9 le [&hellip;]<\/p>\n","protected":false},"author":1,"featured_media":0,"parent":30,"menu_order":0,"comment_status":"closed","ping_status":"closed","template":"page-templates\/page_fullwidth.php","meta":{"_mc_calendar":[]},"_links":{"self":[{"href":"https:\/\/www.1ciedarcdevincennes.fr\/index.php\/wp-json\/wp\/v2\/pages\/38"}],"collection":[{"href":"https:\/\/www.1ciedarcdevincennes.fr\/index.php\/wp-json\/wp\/v2\/pages"}],"about":[{"href":"https:\/\/www.1ciedarcdevincennes.fr\/index.php\/wp-json\/wp\/v2\/types\/page"}],"author":[{"embeddable":true,"href":"https:\/\/www.1ciedarcdevincennes.fr\/index.php\/wp-json\/wp\/v2\/users\/1"}],"replies":[{"embeddable":true,"href":"https:\/\/www.1ciedarcdevincennes.fr\/index.php\/wp-json\/wp\/v2\/comments?post=38"}],"version-history":[{"count":8,"href":"https:\/\/www.1ciedarcdevincennes.fr\/index.php\/wp-json\/wp\/v2\/pages\/38\/revisions"}],"predecessor-version":[{"id":248,"href":"https:\/\/www.1ciedarcdevincennes.fr\/index.php\/wp-json\/wp\/v2\/pages\/38\/revisions\/248"}],"up":[{"embeddable":true,"href":"https:\/\/www.1ciedarcdevincennes.fr\/index.php\/wp-json\/wp\/v2\/pages\/30"}],"wp:attachment":[{"href":"https:\/\/www.1ciedarcdevincennes.fr\/index.php\/wp-json\/wp\/v2\/media?parent=38"}],"curies":[{"name":"wp","href":"https:\/\/api.w.org\/{rel}","templated":true}]}}