{"id":451,"date":"2017-01-05T20:01:25","date_gmt":"2017-01-05T19:01:25","guid":{"rendered":"http:\/\/www.1ciedarcdevincennes.fr\/?page_id=451"},"modified":"2017-12-03T21:08:53","modified_gmt":"2017-12-03T20:08:53","slug":"une-distinction-pour-jean-claude","status":"publish","type":"page","link":"https:\/\/www.1ciedarcdevincennes.fr\/index.php\/actualites\/actualites-2016\/une-distinction-pour-jean-claude\/","title":{"rendered":"Une distinction pour Jean-Claude"},"content":{"rendered":"<p><em><span style=\"font-family: 'comic sans ms', sans-serif; font-size: 12pt;\">Monsieur Jean Claude Michel entre \u00e0 la 1<sup>\u00e8re<\/sup> Compagnie d\u2019Arc de Vincennes en 1975 o\u00f9 il pratique dans ses d\u00e9buts l\u2019arc sans viseur et passe progressivement \u00e0 l\u2019arc classique puis \u00e0 l\u2019arc moderne de pr\u00e9cision.<\/span><\/em><\/p>\n<table style=\"height: 269px; width: 719px;\">\n<tbody>\n<tr>\n<td style=\"width: 224px;\"><a href=\"https:\/\/www.1ciedarcdevincennes.fr\/wp-content\/uploads\/2017\/01\/dfxvc.png\"><img loading=\"lazy\" class=\"alignleft size-full wp-image-452\" src=\"https:\/\/www.1ciedarcdevincennes.fr\/wp-content\/uploads\/2017\/01\/dfxvc.png\" alt=\"dfxvc\" width=\"234\" height=\"352\" srcset=\"https:\/\/www.1ciedarcdevincennes.fr\/wp-content\/uploads\/2017\/01\/dfxvc.png 234w, https:\/\/www.1ciedarcdevincennes.fr\/wp-content\/uploads\/2017\/01\/dfxvc-199x300.png 199w, https:\/\/www.1ciedarcdevincennes.fr\/wp-content\/uploads\/2017\/01\/dfxvc-230x346.png 230w\" sizes=\"(max-width: 234px) 100vw, 234px\" \/><\/a><\/td>\n<td style=\"width: 485px;\">&nbsp;<\/p>\n<p>&nbsp;<\/p>\n<p><span style=\"font-family: 'comic sans ms', sans-serif; font-size: 12pt;\">Il a particip\u00e9 r\u00e9guli\u00e8rement aux comp\u00e9titions officielles de la F\u00e9d\u00e9ration Fran\u00e7aise de Tir \u00e0 l\u2019Arc.<\/span><\/p>\n<p>&nbsp;<\/p>\n<p>&nbsp;<\/p>\n<p><span style=\"font-family: 'comic sans ms', sans-serif; font-size: 12pt;\"><em>Il a de plus \u00e9t\u00e9 s\u00e9lectionn\u00e9 8 fois aux championnats de France de tir Beursault (distance 50m) et pratique encore r\u00e9guli\u00e8rement les concours sur cette cible traditionnelle.<\/em><\/span><\/td>\n<\/tr>\n<\/tbody>\n<\/table>\n<p><em><span style=\"font-family: 'comic sans ms', sans-serif; font-size: 12pt;\">Fait Chevalier de l\u2019arc en 1982, il obtient son dipl\u00f4me d\u2019entraineur de niveau national en mars 1987.<\/span><\/em><\/p>\n<p><em><span style=\"font-family: 'comic sans ms', sans-serif; font-size: 12pt;\">Connu pour sa gentillesse, sa disponibilit\u00e9 et sa patience, il consacre aujourd\u2019hui une grande partie de son temps libre \u00e0 l\u2019enseignement du tir \u00e0 l\u2019arc pour la plus grande joie des membres de la 1<sup>\u00e8re<\/sup> Compagnie d\u2019arc de Vincennes.<\/span><\/em><\/p>\n<table style=\"height: 376px; width: 761px;\">\n<tbody>\n<tr>\n<td style=\"width: 495px;\">&nbsp;<\/p>\n<p>&nbsp;<\/p>\n<p style=\"text-align: justify;\"><em><span style=\"font-family: 'comic sans ms', sans-serif; font-size: 12pt;\">La m\u00e9daille de bronze de la jeunesse, des sports et de l\u2019engagement associatif, promotion 2016, lui a \u00e9t\u00e9 d\u00e9cern\u00e9e le 13 d\u00e9cembre 2016 par Monsieur Thierry Leleu, Pr\u00e9fet du Val de Marne, en remerciement de la qualit\u00e9 de son enseignement et de son engagement au sein de la 1<sup>\u00e8re<\/sup> Cie d\u2019 Arc de Vincennes.<\/span><\/em><\/p>\n<p style=\"text-align: justify;\"><em><span style=\"font-family: 'comic sans ms', sans-serif; font-size: 12pt;\">Nous lui adressons toutes nos f\u00e9licitations.<\/span><\/em><\/p>\n<p><em><span style=\"font-family: 'comic sans ms', sans-serif; font-size: 12pt;\">\u00a0<\/span><\/em><\/td>\n<td style=\"width: 260px;\">\u00a0<a href=\"https:\/\/www.1ciedarcdevincennes.fr\/wp-content\/uploads\/2017\/01\/qdsf.png\"><img loading=\"lazy\" class=\"size-full wp-image-453 aligncenter\" src=\"https:\/\/www.1ciedarcdevincennes.fr\/wp-content\/uploads\/2017\/01\/qdsf.png\" alt=\"qdsf\" width=\"118\" height=\"182\" \/><\/a><\/td>\n<\/tr>\n<\/tbody>\n<\/table>\n<p><span style=\"font-size: 12pt; color: #0079f2;\"><em><span style=\"font-family: 'comic sans ms', sans-serif;\">Murielle<\/span><\/em><\/span><\/p>\n","protected":false},"excerpt":{"rendered":"<p>Monsieur Jean Claude Michel entre \u00e0 la 1\u00e8re Compagnie d\u2019Arc de Vincennes en 1975 o\u00f9 il pratique dans ses d\u00e9buts l\u2019arc sans [&hellip;]<\/p>\n","protected":false},"author":1,"featured_media":0,"parent":1127,"menu_order":0,"comment_status":"closed","ping_status":"closed","template":"page-templates\/page_fullwidth.php","meta":{"_mc_calendar":[]},"_links":{"self":[{"href":"https:\/\/www.1ciedarcdevincennes.fr\/index.php\/wp-json\/wp\/v2\/pages\/451"}],"collection":[{"href":"https:\/\/www.1ciedarcdevincennes.fr\/index.php\/wp-json\/wp\/v2\/pages"}],"about":[{"href":"https:\/\/www.1ciedarcdevincennes.fr\/index.php\/wp-json\/wp\/v2\/types\/page"}],"author":[{"embeddable":true,"href":"https:\/\/www.1ciedarcdevincennes.fr\/index.php\/wp-json\/wp\/v2\/users\/1"}],"replies":[{"embeddable":true,"href":"https:\/\/www.1ciedarcdevincennes.fr\/index.php\/wp-json\/wp\/v2\/comments?post=451"}],"version-history":[{"count":4,"href":"https:\/\/www.1ciedarcdevincennes.fr\/index.php\/wp-json\/wp\/v2\/pages\/451\/revisions"}],"predecessor-version":[{"id":458,"href":"https:\/\/www.1ciedarcdevincennes.fr\/index.php\/wp-json\/wp\/v2\/pages\/451\/revisions\/458"}],"up":[{"embeddable":true,"href":"https:\/\/www.1ciedarcdevincennes.fr\/index.php\/wp-json\/wp\/v2\/pages\/1127"}],"wp:attachment":[{"href":"https:\/\/www.1ciedarcdevincennes.fr\/index.php\/wp-json\/wp\/v2\/media?parent=451"}],"curies":[{"name":"wp","href":"https:\/\/api.w.org\/{rel}","templated":true}]}}