{"id":47,"date":"2016-09-27T21:53:25","date_gmt":"2016-09-27T19:53:25","guid":{"rendered":"http:\/\/www.1ciedarcdevincennes.fr\/?page_id=47"},"modified":"2017-05-14T20:56:40","modified_gmt":"2017-05-14T18:56:40","slug":"la-compagnie-aujourdhui","status":"publish","type":"page","link":"https:\/\/www.1ciedarcdevincennes.fr\/index.php\/la-compagnie\/la-compagnie-aujourdhui\/","title":{"rendered":"La Compagnie aujourd&rsquo;hui"},"content":{"rendered":"<p style=\"text-align: justify;\"><span style=\"color: #000000;\"><em><span style=\"font-size: 14pt; font-family: 'comic sans ms', sans-serif;\">L\u2019arc est une arme tr\u00e8s ancienne qui a toujours su profiter du progr\u00e8s technique.<\/span><\/em><\/span><\/p>\n<p style=\"text-align: justify;\"><span style=\"color: #000000;\"><em><span style=\"font-size: 14pt; font-family: 'comic sans ms', sans-serif;\">C\u2019est l\u2019alliance parfaite de la tradition et de la modernit\u00e9 et la Premi\u00e8re Compagnie d\u2019Arc de Vincennes maintient cet\u00a0\u00e9tat d\u2019esprit.<\/span><\/em><\/span><\/p>\n<p style=\"text-align: justify;\"><span style=\"color: #000000;\"><em><span style=\"font-size: 14pt; font-family: 'comic sans ms', sans-serif;\">La Compagnie dispose d\u2019un jeu d\u2019arc traditionnel, adapt\u00e9 \u00e9galement aux tirs sportifs modernes.<\/span><\/em><\/span><\/p>\n<p style=\"text-align: justify;\"><span style=\"color: #000000;\"><em><span style=\"font-size: 14pt; font-family: 'comic sans ms', sans-serif;\">Nous accueillons ceux qui souhaitent s\u2019initier et le mat\u00e9riel est pr\u00eat\u00e9 lors de cette premi\u00e8re ann\u00e9e d\u2019initiation.<\/span><\/em><\/span><\/p>\n<p style=\"text-align: justify;\"><span style=\"color: #000000;\"><em><span style=\"font-size: 14pt; font-family: 'comic sans ms', sans-serif;\">Des dirigeants et des initiateurs b\u00e9n\u00e9voles font vivre cette discipline dans la convivialit\u00e9 et l\u2019efficacit\u00e9.<\/span><\/em><\/span><\/p>\n<p style=\"text-align: justify;\"><span style=\"color: #000000;\"><em><span style=\"font-size: 14pt; font-family: 'comic sans ms', sans-serif;\">Actuellement, la Premi\u00e8re Compagnie d\u2019Arc de Vincennes est repr\u00e9sent\u00e9e dans toutes les comp\u00e9titions nationales, en\u00a0particuliers avec ses jeunes qui sont les garants de sa p\u00e9rennit\u00e9 et de son avenir. De nombreux archers Vincennois ont fait\u00a0partie de l\u2019\u00e9quipe nationale.<\/span><\/em><\/span><\/p>\n<p style=\"text-align: justify;\"><span style=\"color: #000000;\"><em><span style=\"font-size: 14pt; font-family: 'comic sans ms', sans-serif;\">L\u2019organisation de l\u2019initiation et des entra\u00eenements g\u00e9n\u00e8re un esprit d\u2019\u00e9quipe fort qui am\u00e8ne le groupe \u00e0 r\u00e9aliser des\u00a0performances en comp\u00e9titions.<\/span><\/em><\/span><\/p>\n<p style=\"text-align: justify;\"><span style=\"color: #000000;\"><em><span style=\"font-size: 14pt; font-family: 'comic sans ms', sans-serif;\">La Premi\u00e8re Compagnie d\u2019Arc de Vincennes est agr\u00e9\u00e9e par la F\u00e9d\u00e9ration Fran\u00e7aise de Tir \u00e0 l\u2019Arc (F.F.T.A) sous le\u00a0num\u00e9ro 2694042.<\/span><\/em><\/span><\/p>\n<p style=\"text-align: justify;\"><span style=\"color: #000000;\"><em><span style=\"font-size: 14pt; font-family: 'comic sans ms', sans-serif;\">Elle fait \u00e9galement partie de la famille de Beaut\u00e9 qui regroupe 9 Compagnies de Paris, du Val de Marne et de la Seine\u00a0Saint-Denis, famille de Beaut\u00e9 elle m\u00eame membre de la Ronde des Familles d&rsquo;Ile de France.<\/span><\/em><\/span><\/p>\n","protected":false},"excerpt":{"rendered":"<p>L\u2019arc est une arme tr\u00e8s ancienne qui a toujours su profiter du progr\u00e8s technique. C\u2019est l\u2019alliance parfaite de la tradition et de [&hellip;]<\/p>\n","protected":false},"author":1,"featured_media":0,"parent":45,"menu_order":0,"comment_status":"closed","ping_status":"closed","template":"page-templates\/page_fullwidth.php","meta":{"_mc_calendar":[]},"_links":{"self":[{"href":"https:\/\/www.1ciedarcdevincennes.fr\/index.php\/wp-json\/wp\/v2\/pages\/47"}],"collection":[{"href":"https:\/\/www.1ciedarcdevincennes.fr\/index.php\/wp-json\/wp\/v2\/pages"}],"about":[{"href":"https:\/\/www.1ciedarcdevincennes.fr\/index.php\/wp-json\/wp\/v2\/types\/page"}],"author":[{"embeddable":true,"href":"https:\/\/www.1ciedarcdevincennes.fr\/index.php\/wp-json\/wp\/v2\/users\/1"}],"replies":[{"embeddable":true,"href":"https:\/\/www.1ciedarcdevincennes.fr\/index.php\/wp-json\/wp\/v2\/comments?post=47"}],"version-history":[{"count":7,"href":"https:\/\/www.1ciedarcdevincennes.fr\/index.php\/wp-json\/wp\/v2\/pages\/47\/revisions"}],"predecessor-version":[{"id":250,"href":"https:\/\/www.1ciedarcdevincennes.fr\/index.php\/wp-json\/wp\/v2\/pages\/47\/revisions\/250"}],"up":[{"embeddable":true,"href":"https:\/\/www.1ciedarcdevincennes.fr\/index.php\/wp-json\/wp\/v2\/pages\/45"}],"wp:attachment":[{"href":"https:\/\/www.1ciedarcdevincennes.fr\/index.php\/wp-json\/wp\/v2\/media?parent=47"}],"curies":[{"name":"wp","href":"https:\/\/api.w.org\/{rel}","templated":true}]}}