{"id":489,"date":"2017-02-01T14:02:11","date_gmt":"2017-02-01T13:02:11","guid":{"rendered":"http:\/\/www.1ciedarcdevincennes.fr\/?page_id=489"},"modified":"2017-12-03T21:04:38","modified_gmt":"2017-12-03T20:04:38","slug":"concours-debutants-a-rambouillet-le-15-janvier","status":"publish","type":"page","link":"https:\/\/www.1ciedarcdevincennes.fr\/index.php\/actualites\/actualites-2017\/concours-debutants-a-rambouillet-le-15-janvier\/","title":{"rendered":"Concours d\u00e9butants \u00e0 Rambouillet le 15 janvier"},"content":{"rendered":"<p><span style=\"font-family: 'comic sans ms', sans-serif; font-size: 18pt; color: #000000;\">\u00a0<\/span><\/p>\n<p style=\"padding-left: 120px;\"><span style=\"font-family: 'comic sans ms', sans-serif; font-size: 18pt; color: #000000;\">\u00a0\u00a0<img loading=\"lazy\" class=\"alignleft wp-image-514 size-medium\" src=\"https:\/\/www.1ciedarcdevincennes.fr\/wp-content\/uploads\/2017\/02\/concours-rambouillet-300x199.jpg\" alt=\"concours-rambouillet\" width=\"300\" height=\"199\" srcset=\"https:\/\/www.1ciedarcdevincennes.fr\/wp-content\/uploads\/2017\/02\/concours-rambouillet-300x199.jpg 300w, https:\/\/www.1ciedarcdevincennes.fr\/wp-content\/uploads\/2017\/02\/concours-rambouillet-230x153.jpg 230w, https:\/\/www.1ciedarcdevincennes.fr\/wp-content\/uploads\/2017\/02\/concours-rambouillet-350x232.jpg 350w, https:\/\/www.1ciedarcdevincennes.fr\/wp-content\/uploads\/2017\/02\/concours-rambouillet-480x319.jpg 480w, https:\/\/www.1ciedarcdevincennes.fr\/wp-content\/uploads\/2017\/02\/concours-rambouillet.jpg 562w\" sizes=\"(max-width: 300px) 100vw, 300px\" \/><img loading=\"lazy\" class=\"alignleft wp-image-515 size-medium\" src=\"https:\/\/www.1ciedarcdevincennes.fr\/wp-content\/uploads\/2017\/02\/Photo-Rambouillet-2-300x199.jpg\" alt=\"Photo-Rambouillet-2\" width=\"300\" height=\"199\" srcset=\"https:\/\/www.1ciedarcdevincennes.fr\/wp-content\/uploads\/2017\/02\/Photo-Rambouillet-2-300x199.jpg 300w, https:\/\/www.1ciedarcdevincennes.fr\/wp-content\/uploads\/2017\/02\/Photo-Rambouillet-2-768x509.jpg 768w, https:\/\/www.1ciedarcdevincennes.fr\/wp-content\/uploads\/2017\/02\/Photo-Rambouillet-2-830x551.jpg 830w, https:\/\/www.1ciedarcdevincennes.fr\/wp-content\/uploads\/2017\/02\/Photo-Rambouillet-2-230x153.jpg 230w, https:\/\/www.1ciedarcdevincennes.fr\/wp-content\/uploads\/2017\/02\/Photo-Rambouillet-2-350x232.jpg 350w, https:\/\/www.1ciedarcdevincennes.fr\/wp-content\/uploads\/2017\/02\/Photo-Rambouillet-2-480x318.jpg 480w, https:\/\/www.1ciedarcdevincennes.fr\/wp-content\/uploads\/2017\/02\/Photo-Rambouillet-2.jpg 1013w\" sizes=\"(max-width: 300px) 100vw, 300px\" \/>\u00a0\u00a0\u00a0\u00a0\u00a0<\/span><\/p>\n<p>&nbsp;<\/p>\n<p>&nbsp;<\/p>\n<p>&nbsp;<\/p>\n<p>&nbsp;<\/p>\n<p>&nbsp;<\/p>\n<p>&nbsp;<\/p>\n<p style=\"text-align: justify;\"><span style=\"font-family: 'comic sans ms', sans-serif; font-size: 14pt; color: #000000;\"><em>Sept archers de la 1<sup>\u00e8re<\/sup> Compagnie d\u2019Arc de Vincennes qui ont d\u00e9but\u00e9 le tir \u00e0 l\u2019arc au mois de septembre, accompagn\u00e9s de trois anciens, se sont rendus au concours d\u00e9butants de Rambouillet le 15 janvier dernier.<\/em><\/span><\/p>\n<ul>\n<li><span style=\"font-family: 'comic sans ms', sans-serif; font-size: 14pt; color: #000000;\"><em>Trois femmes en senior : Elise, Julie et Hasnae\u00a0<\/em><\/span><\/li>\n<li><span style=\"font-family: 'comic sans ms', sans-serif; font-size: 14pt; color: #000000;\"><em>Quatre hommes\u00a0: Jean-Michel en super-v\u00e9t\u00e9ran, Denis en v\u00e9t\u00e9ran, Fran\u00e7ois et J\u00e9r\u00f4me en senior<\/em><\/span><\/li>\n<\/ul>\n<p style=\"text-align: justify;\"><span style=\"font-family: 'comic sans ms', sans-serif; font-size: 14pt; color: #000000;\"><em>Gr\u00e2ce \u00e0 leur d\u00e9termination ainsi qu\u2019aux soutien et conseils avis\u00e9s des trois accompagnateurs (notre Capitaine Michel, Rodolphe et Julien), de forts bons r\u00e9sultats ont permis \u00e0 Vincennes de se distinguer\u00a0:<\/em><\/span><\/p>\n<ul>\n<li><span style=\"font-family: 'comic sans ms', sans-serif; font-size: 14pt; color: #000000;\"><em><u>Pas moins de trois m\u00e9dailles d\u2019or<\/u><\/em><em> obtenues par Elise, J\u00e9r\u00f4me\u00a0et Jean-Michel\u00a0:<\/em><\/span><\/li>\n<\/ul>\n<p style=\"padding-left: 120px;\"><span style=\"font-family: 'comic sans ms', sans-serif; font-size: 18pt; color: #000000;\"><em>\u00a0\u00a0\u00a0 <\/em><em>\u00a0\u00a0\u00a0\u00a0\u00a0 <\/em><\/span><\/p>\n<p style=\"text-align: justify; padding-left: 150px;\"><img loading=\"lazy\" class=\"alignleft wp-image-522 size-medium\" src=\"https:\/\/www.1ciedarcdevincennes.fr\/wp-content\/uploads\/2017\/02\/Elise-1-151x300.jpg\" alt=\"Elise\" width=\"151\" height=\"300\" srcset=\"https:\/\/www.1ciedarcdevincennes.fr\/wp-content\/uploads\/2017\/02\/Elise-1-151x300.jpg 151w, https:\/\/www.1ciedarcdevincennes.fr\/wp-content\/uploads\/2017\/02\/Elise-1.jpg 186w\" sizes=\"(max-width: 151px) 100vw, 151px\" \/><\/p>\n<p style=\"text-align: justify;\"><img loading=\"lazy\" class=\"alignleft wp-image-517 size-medium\" src=\"https:\/\/www.1ciedarcdevincennes.fr\/wp-content\/uploads\/2017\/02\/Jerome-173x300.jpg\" alt=\"Jerome\" width=\"173\" height=\"300\" srcset=\"https:\/\/www.1ciedarcdevincennes.fr\/wp-content\/uploads\/2017\/02\/Jerome-173x300.jpg 173w, https:\/\/www.1ciedarcdevincennes.fr\/wp-content\/uploads\/2017\/02\/Jerome.jpg 190w\" sizes=\"(max-width: 173px) 100vw, 173px\" \/><\/p>\n<p style=\"text-align: justify;\"><img loading=\"lazy\" class=\"alignleft wp-image-518 size-medium\" src=\"https:\/\/www.1ciedarcdevincennes.fr\/wp-content\/uploads\/2017\/02\/Jean-MIchel-202x300.jpg\" alt=\"Jean-MIchel\" width=\"202\" height=\"300\" srcset=\"https:\/\/www.1ciedarcdevincennes.fr\/wp-content\/uploads\/2017\/02\/Jean-MIchel-202x300.jpg 202w, https:\/\/www.1ciedarcdevincennes.fr\/wp-content\/uploads\/2017\/02\/Jean-MIchel-230x341.jpg 230w, https:\/\/www.1ciedarcdevincennes.fr\/wp-content\/uploads\/2017\/02\/Jean-MIchel.jpg 251w\" sizes=\"(max-width: 202px) 100vw, 202px\" \/><\/p>\n<p>&nbsp;<\/p>\n<p>&nbsp;<\/p>\n<p>&nbsp;<\/p>\n<p>&nbsp;<\/p>\n<p>&nbsp;<\/p>\n<p>&nbsp;<\/p>\n<p>&nbsp;<\/p>\n<p>&nbsp;<\/p>\n<p>&nbsp;<\/p>\n<p>&nbsp;<\/p>\n<p>&nbsp;<\/p>\n<p><span style=\"font-family: 'comic sans ms', sans-serif; font-size: 14pt; color: #000000;\">Denis a obtenu une m\u00e9daille de bronze et nos autres comp\u00e9titeurs ont \u00e9t\u00e9 bien class\u00e9s montrant tous une bonne ma\u00eetrise de la technique de tir apr\u00e8s quatre mois d\u2019initiation.<\/span><\/p>\n<p>&nbsp;<\/p>\n<p style=\"text-align: justify;\"><span style=\"font-family: 'comic sans ms', sans-serif; font-size: 14pt; color: #000000;\"><em>Ce fut une agr\u00e9able journ\u00e9e pour tous, tr\u00e8s encourageante pour la progression de nos d\u00e9butants.<\/em><\/span><\/p>\n<p style=\"text-align: justify;\"><span style=\"font-size: 14pt; font-family: 'comic sans ms', sans-serif; color: #00004e;\"><a style=\"color: #00004e;\" href=\"https:\/\/www.1ciedarcdevincennes.fr\/index.php\/le-comite-de-direction\/\">Christian<\/a><\/span><\/p>\n","protected":false},"excerpt":{"rendered":"<p>\u00a0 \u00a0\u00a0\u00a0\u00a0\u00a0\u00a0\u00a0 &nbsp; &nbsp; &nbsp; &nbsp; &nbsp; &nbsp; Sept archers de la 1\u00e8re Compagnie d\u2019Arc de Vincennes qui ont d\u00e9but\u00e9 le tir [&hellip;]<\/p>\n","protected":false},"author":1,"featured_media":0,"parent":1130,"menu_order":0,"comment_status":"closed","ping_status":"closed","template":"page-templates\/page_fullwidth.php","meta":{"_mc_calendar":[]},"_links":{"self":[{"href":"https:\/\/www.1ciedarcdevincennes.fr\/index.php\/wp-json\/wp\/v2\/pages\/489"}],"collection":[{"href":"https:\/\/www.1ciedarcdevincennes.fr\/index.php\/wp-json\/wp\/v2\/pages"}],"about":[{"href":"https:\/\/www.1ciedarcdevincennes.fr\/index.php\/wp-json\/wp\/v2\/types\/page"}],"author":[{"embeddable":true,"href":"https:\/\/www.1ciedarcdevincennes.fr\/index.php\/wp-json\/wp\/v2\/users\/1"}],"replies":[{"embeddable":true,"href":"https:\/\/www.1ciedarcdevincennes.fr\/index.php\/wp-json\/wp\/v2\/comments?post=489"}],"version-history":[{"count":12,"href":"https:\/\/www.1ciedarcdevincennes.fr\/index.php\/wp-json\/wp\/v2\/pages\/489\/revisions"}],"predecessor-version":[{"id":541,"href":"https:\/\/www.1ciedarcdevincennes.fr\/index.php\/wp-json\/wp\/v2\/pages\/489\/revisions\/541"}],"up":[{"embeddable":true,"href":"https:\/\/www.1ciedarcdevincennes.fr\/index.php\/wp-json\/wp\/v2\/pages\/1130"}],"wp:attachment":[{"href":"https:\/\/www.1ciedarcdevincennes.fr\/index.php\/wp-json\/wp\/v2\/media?parent=489"}],"curies":[{"name":"wp","href":"https:\/\/api.w.org\/{rel}","templated":true}]}}