{"id":490,"date":"2017-02-01T14:11:17","date_gmt":"2017-02-01T13:11:17","guid":{"rendered":"http:\/\/www.1ciedarcdevincennes.fr\/?page_id=490"},"modified":"2017-12-03T21:04:11","modified_gmt":"2017-12-03T20:04:11","slug":"championnat-departemental-salle-du-val-de-marne","status":"publish","type":"page","link":"https:\/\/www.1ciedarcdevincennes.fr\/index.php\/actualites\/actualites-2017\/championnat-departemental-salle-du-val-de-marne\/","title":{"rendered":"Championnat d\u00e9partemental Salle du Val-de-Marne"},"content":{"rendered":"<p style=\"text-align: justify;\"><span style=\"color: #000000; font-size: 14pt;\"><em><span style=\"font-family: 'comic sans ms', sans-serif;\">La 1\u00e8re Compagnie d\u2019Arc de Vincennes a particip\u00e9 au championnat d\u00e9partemental salle 94 qui s\u2019est tenu les 14 et 15 janvier au CTSARC de Chennevi\u00e8res avec cinq de ses archers :<\/span><\/em><\/span><\/p>\n<p style=\"text-align: justify;\"><span style=\"color: #000000; font-size: 14pt;\"><em><span style=\"font-family: 'comic sans ms', sans-serif;\">\u00a0<\/span><\/em><\/span><\/p>\n<p style=\"text-align: justify;\"><span style=\"color: #000000; font-size: 14pt;\"><em><span style=\"font-family: 'comic sans ms', sans-serif;\">en SH CL : Anthony, Gauthier et Luck\u00a0:<\/span><\/em><\/span><\/p>\n<p style=\"padding-left: 210px;\"><span style=\"color: #000000;\"><img loading=\"lazy\" class=\"alignleft wp-image-491 size-full\" src=\"https:\/\/www.1ciedarcdevincennes.fr\/wp-content\/uploads\/2017\/01\/anthony.jpg\" alt=\"anthony\" width=\"125\" height=\"95\" \/><img loading=\"lazy\" class=\"alignleft wp-image-492 size-full\" src=\"https:\/\/www.1ciedarcdevincennes.fr\/wp-content\/uploads\/2017\/01\/Gauthier.jpg\" alt=\"Gauthier\" width=\"126\" height=\"96\" \/><img loading=\"lazy\" class=\"alignleft wp-image-493 size-full\" src=\"https:\/\/www.1ciedarcdevincennes.fr\/wp-content\/uploads\/2017\/01\/Luck.jpg\" alt=\"Luck\" width=\"129\" height=\"98\" \/><\/span><\/p>\n<p>&nbsp;<\/p>\n<p>&nbsp;<\/p>\n<p>&nbsp;<\/p>\n<p>&nbsp;<\/p>\n<p style=\"text-align: left;\"><span style=\"font-size: 14pt;\"><em><span style=\"font-family: 'comic sans ms', sans-serif; color: #000000;\">en CH CL : Th\u00e9ophane\u00a0:<\/span><\/em><\/span><\/p>\n<p><span style=\"color: #000000;\"><img loading=\"lazy\" class=\"alignnone\" src=\"https:\/\/www.1ciedarcdevincennes.fr\/wp-content\/uploads\/2017\/01\/theophane.jpg\" alt=\"theophane\" width=\"121\" height=\"92\" \/><\/span><\/p>\n<p><span style=\"color: #000000; font-size: 14pt;\"><em><span style=\"font-family: 'comic sans ms', sans-serif;\">en SH CO : Charles\u00a0:<\/span><\/em><\/span><\/p>\n<p><span style=\"color: #000000;\"><img loading=\"lazy\" class=\"alignleft wp-image-495 size-full\" src=\"https:\/\/www.1ciedarcdevincennes.fr\/wp-content\/uploads\/2017\/01\/Charles.jpg\" alt=\"Charles\" width=\"117\" height=\"89\" \/><\/span><\/p>\n<p>&nbsp;<\/p>\n<p>&nbsp;<\/p>\n<p>&nbsp;<\/p>\n<p style=\"text-align: justify;\"><span style=\"color: #000000; font-size: 14pt;\"><em><span style=\"font-family: 'comic sans ms', sans-serif;\">Ont \u00e9t\u00e9 s\u00e9lectionn\u00e9s pour les finales : Gauthier, Luck et Th\u00e9ophane<\/span><\/em><\/span><\/p>\n<p style=\"text-align: justify;\"><span style=\"color: #000000; font-size: 14pt;\"><em><span style=\"font-family: 'comic sans ms', sans-serif;\">\u00a0<\/span><\/em><\/span><\/p>\n<p style=\"text-align: justify;\"><span style=\"color: #000000; font-size: 14pt;\"><em><span style=\"font-family: 'comic sans ms', sans-serif;\">Th\u00e9ophane r\u00e9alisa une belle performance sur ce championnat en remportant la <strong>m\u00e9daille d&rsquo;argent de sa cat\u00e9gorie<\/strong>\u00a0:<\/span><\/em><\/span><\/p>\n<p><img loading=\"lazy\" class=\"alignleft wp-image-503 size-full\" src=\"https:\/\/www.1ciedarcdevincennes.fr\/wp-content\/uploads\/2017\/01\/thephane-medaille-argent.jpg\" alt=\"thephane-medaille-argent\" width=\"123\" height=\"93\" \/><\/p>\n<p>&nbsp;<\/p>\n<p>&nbsp;<\/p>\n<p>&nbsp;<\/p>\n<p>&nbsp;<\/p>\n<p style=\"text-align: justify;\"><span style=\"font-size: 14pt;\"><em><span style=\"font-family: 'comic sans ms', sans-serif; color: #000000;\">Une \u00e9quipe Hommes Classique a \u00e9t\u00e9 pr\u00e9sent\u00e9e avec Gauthier, Luck et Th\u00e9ophane pour les duels par \u00e9quipe. Tr\u00e8s belle technique bien synchronis\u00e9e de nos trois archers mais la chance a \u00e9t\u00e9 du c\u00f4t\u00e9 de la Compagnie de Villiers avec laquelle Vincennes a fait un barrage tr\u00e8s serr\u00e9. Au final c&rsquo;est St Maur qui aura la coupe d&rsquo;\u00e9quipe en classique et aussi en poulies.<\/span><\/em><\/span><\/p>\n<p style=\"text-align: center; padding-left: 90px;\"><img loading=\"lazy\" class=\"alignleft wp-image-507 size-medium\" src=\"https:\/\/www.1ciedarcdevincennes.fr\/wp-content\/uploads\/2017\/02\/equipe-du-departemental-300x225.jpg\" alt=\"equipe-du-departemental\" width=\"300\" height=\"225\" srcset=\"https:\/\/www.1ciedarcdevincennes.fr\/wp-content\/uploads\/2017\/02\/equipe-du-departemental-300x225.jpg 300w, https:\/\/www.1ciedarcdevincennes.fr\/wp-content\/uploads\/2017\/02\/equipe-du-departemental-230x173.jpg 230w, https:\/\/www.1ciedarcdevincennes.fr\/wp-content\/uploads\/2017\/02\/equipe-du-departemental-350x263.jpg 350w, https:\/\/www.1ciedarcdevincennes.fr\/wp-content\/uploads\/2017\/02\/equipe-du-departemental.jpg 441w\" sizes=\"(max-width: 300px) 100vw, 300px\" \/><img loading=\"lazy\" class=\"wp-image-508 size-medium alignnone\" src=\"https:\/\/www.1ciedarcdevincennes.fr\/wp-content\/uploads\/2017\/02\/equipe-tir-departemental-300x225.jpg\" alt=\"equipe-tir-departemental\" width=\"300\" height=\"225\" srcset=\"https:\/\/www.1ciedarcdevincennes.fr\/wp-content\/uploads\/2017\/02\/equipe-tir-departemental-300x225.jpg 300w, https:\/\/www.1ciedarcdevincennes.fr\/wp-content\/uploads\/2017\/02\/equipe-tir-departemental-230x173.jpg 230w, https:\/\/www.1ciedarcdevincennes.fr\/wp-content\/uploads\/2017\/02\/equipe-tir-departemental-350x263.jpg 350w, https:\/\/www.1ciedarcdevincennes.fr\/wp-content\/uploads\/2017\/02\/equipe-tir-departemental.jpg 433w\" sizes=\"(max-width: 300px) 100vw, 300px\" \/><\/p>\n<p>&nbsp;<\/p>\n<p>&nbsp;<\/p>\n<p><span style=\"font-family: 'comic sans ms', sans-serif; font-size: 14pt; color: #00004e;\">Christian<\/span><\/p>\n","protected":false},"excerpt":{"rendered":"<p>La 1\u00e8re Compagnie d\u2019Arc de Vincennes a particip\u00e9 au championnat d\u00e9partemental salle 94 qui s\u2019est tenu les 14 et 15 janvier au [&hellip;]<\/p>\n","protected":false},"author":1,"featured_media":0,"parent":1130,"menu_order":0,"comment_status":"closed","ping_status":"closed","template":"page-templates\/page_fullwidth.php","meta":{"_mc_calendar":[]},"_links":{"self":[{"href":"https:\/\/www.1ciedarcdevincennes.fr\/index.php\/wp-json\/wp\/v2\/pages\/490"}],"collection":[{"href":"https:\/\/www.1ciedarcdevincennes.fr\/index.php\/wp-json\/wp\/v2\/pages"}],"about":[{"href":"https:\/\/www.1ciedarcdevincennes.fr\/index.php\/wp-json\/wp\/v2\/types\/page"}],"author":[{"embeddable":true,"href":"https:\/\/www.1ciedarcdevincennes.fr\/index.php\/wp-json\/wp\/v2\/users\/1"}],"replies":[{"embeddable":true,"href":"https:\/\/www.1ciedarcdevincennes.fr\/index.php\/wp-json\/wp\/v2\/comments?post=490"}],"version-history":[{"count":18,"href":"https:\/\/www.1ciedarcdevincennes.fr\/index.php\/wp-json\/wp\/v2\/pages\/490\/revisions"}],"predecessor-version":[{"id":540,"href":"https:\/\/www.1ciedarcdevincennes.fr\/index.php\/wp-json\/wp\/v2\/pages\/490\/revisions\/540"}],"up":[{"embeddable":true,"href":"https:\/\/www.1ciedarcdevincennes.fr\/index.php\/wp-json\/wp\/v2\/pages\/1130"}],"wp:attachment":[{"href":"https:\/\/www.1ciedarcdevincennes.fr\/index.php\/wp-json\/wp\/v2\/media?parent=490"}],"curies":[{"name":"wp","href":"https:\/\/api.w.org\/{rel}","templated":true}]}}