{"id":51,"date":"2016-09-27T21:53:55","date_gmt":"2016-09-27T19:53:55","guid":{"rendered":"http:\/\/www.1ciedarcdevincennes.fr\/?page_id=51"},"modified":"2022-04-27T13:41:32","modified_gmt":"2022-04-27T11:41:32","slug":"reglements-et-statuts","status":"publish","type":"page","link":"https:\/\/www.1ciedarcdevincennes.fr\/index.php\/la-compagnie\/reglements-et-statuts\/","title":{"rendered":"R\u00e8glements et Statuts"},"content":{"rendered":"<p>\u00a0<\/p>\n<table style=\"height: 16px; border-color: #f7f7f7; width: 1314px;\">\n<tbody>\n<tr style=\"height: 251px;\">\n<td style=\"width: 585px; height: 251px; border-color: #ffffff;\"><span style=\"color: #ffffff;\"><span style=\"color: #ffffff;\"><a style=\"color: #ffffff;\" href=\"https:\/\/www.1ciedarcdevincennes.fr\/wp-content\/uploads\/2022\/04\/Statuts-Cie-Arc-Vincennes-2022.pdf\"><img loading=\"lazy\" class=\"alignleft wp-image-105\" src=\"https:\/\/www.1ciedarcdevincennes.fr\/wp-content\/uploads\/2016\/09\/t\u00e9l\u00e9chargement.jpg\" alt=\"telechargement\" width=\"161\" height=\"168\" \/><br \/><\/a><a href=\"https:\/\/www.1ciedarcdevincennes.fr\/wp-content\/uploads\/2016\/09\/r\u00e8glement_int\u00e9rieur_valid\u00e9CODIR_14-10-2011.pdf\"><img loading=\"lazy\" class=\"alignnone wp-image-251 size-full\" src=\"https:\/\/www.1ciedarcdevincennes.fr\/wp-content\/uploads\/2016\/09\/images.jpg\" alt=\"images\" width=\"279\" height=\"181\" srcset=\"https:\/\/www.1ciedarcdevincennes.fr\/wp-content\/uploads\/2016\/09\/images.jpg 279w, https:\/\/www.1ciedarcdevincennes.fr\/wp-content\/uploads\/2016\/09\/images-230x149.jpg 230w\" sizes=\"(max-width: 279px) 100vw, 279px\" \/><\/a><\/span><br \/><\/span><\/td>\n<td style=\"width: 713px; height: 251px; border-color: #ffffff; text-align: left;\"><span style=\"color: #ffffff;\"><a href=\"https:\/\/www.1ciedarcdevincennes.fr\/wp-content\/uploads\/2019\/07\/ecole-de-tir-et-location-2019_2020-V5-1.pdf\"><img loading=\"lazy\" class=\"alignnone wp-image-718\" src=\"https:\/\/www.1ciedarcdevincennes.fr\/wp-content\/uploads\/2016\/09\/R\u00e8glements-sportifs-1-300x242.gif\" alt=\"R\u00e8glements sportifs\" width=\"254\" height=\"205\" srcset=\"https:\/\/www.1ciedarcdevincennes.fr\/wp-content\/uploads\/2016\/09\/R\u00e8glements-sportifs-1-300x242.gif 300w, https:\/\/www.1ciedarcdevincennes.fr\/wp-content\/uploads\/2016\/09\/R\u00e8glements-sportifs-1-230x186.gif 230w\" sizes=\"(max-width: 254px) 100vw, 254px\" \/><\/a><\/span><\/td>\n<\/tr>\n<\/tbody>\n<\/table>\n<p style=\"text-align: justify; padding-left: 240px;\">\u00a0<\/p>\n\n","protected":false},"excerpt":{"rendered":"<p>\u00a0 \u00a0<\/p>\n","protected":false},"author":1,"featured_media":0,"parent":45,"menu_order":0,"comment_status":"closed","ping_status":"closed","template":"page-templates\/page_fullwidth.php","meta":{"_mc_calendar":[]},"_links":{"self":[{"href":"https:\/\/www.1ciedarcdevincennes.fr\/index.php\/wp-json\/wp\/v2\/pages\/51"}],"collection":[{"href":"https:\/\/www.1ciedarcdevincennes.fr\/index.php\/wp-json\/wp\/v2\/pages"}],"about":[{"href":"https:\/\/www.1ciedarcdevincennes.fr\/index.php\/wp-json\/wp\/v2\/types\/page"}],"author":[{"embeddable":true,"href":"https:\/\/www.1ciedarcdevincennes.fr\/index.php\/wp-json\/wp\/v2\/users\/1"}],"replies":[{"embeddable":true,"href":"https:\/\/www.1ciedarcdevincennes.fr\/index.php\/wp-json\/wp\/v2\/comments?post=51"}],"version-history":[{"count":17,"href":"https:\/\/www.1ciedarcdevincennes.fr\/index.php\/wp-json\/wp\/v2\/pages\/51\/revisions"}],"predecessor-version":[{"id":2406,"href":"https:\/\/www.1ciedarcdevincennes.fr\/index.php\/wp-json\/wp\/v2\/pages\/51\/revisions\/2406"}],"up":[{"embeddable":true,"href":"https:\/\/www.1ciedarcdevincennes.fr\/index.php\/wp-json\/wp\/v2\/pages\/45"}],"wp:attachment":[{"href":"https:\/\/www.1ciedarcdevincennes.fr\/index.php\/wp-json\/wp\/v2\/media?parent=51"}],"curies":[{"name":"wp","href":"https:\/\/api.w.org\/{rel}","templated":true}]}}