{"id":555,"date":"2017-04-18T22:21:53","date_gmt":"2017-04-18T20:21:53","guid":{"rendered":"http:\/\/www.1ciedarcdevincennes.fr\/?page_id=555"},"modified":"2017-12-03T21:05:36","modified_gmt":"2017-12-03T20:05:36","slug":"coupe-pages","status":"publish","type":"page","link":"https:\/\/www.1ciedarcdevincennes.fr\/index.php\/actualites\/actualites-2017\/coupe-pages\/","title":{"rendered":"Coupe Pag\u00e8s"},"content":{"rendered":"<p style=\"text-align: justify;\"><strong><span style=\"font-family: 'comic sans ms', sans-serif; font-size: 18pt; color: #000000;\">Le Dimanche 26 f\u00e9vrier 2017, a eu lieu la traditionnelle Coupe Pag\u00e8s, \u00e0 nouveau gagn\u00e9e par Vincennes\u00a0!<\/span><\/strong><\/p>\n<p style=\"text-align: justify;\"><img loading=\"lazy\" class=\"aligncenter wp-image-578 size-full\" src=\"https:\/\/www.1ciedarcdevincennes.fr\/wp-content\/uploads\/2017\/04\/Victoire-finale.jpg\" alt=\"Victoire-finale\" width=\"800\" height=\"327\" srcset=\"https:\/\/www.1ciedarcdevincennes.fr\/wp-content\/uploads\/2017\/04\/Victoire-finale.jpg 800w, https:\/\/www.1ciedarcdevincennes.fr\/wp-content\/uploads\/2017\/04\/Victoire-finale-300x123.jpg 300w, https:\/\/www.1ciedarcdevincennes.fr\/wp-content\/uploads\/2017\/04\/Victoire-finale-768x314.jpg 768w, https:\/\/www.1ciedarcdevincennes.fr\/wp-content\/uploads\/2017\/04\/Victoire-finale-230x94.jpg 230w, https:\/\/www.1ciedarcdevincennes.fr\/wp-content\/uploads\/2017\/04\/Victoire-finale-350x143.jpg 350w, https:\/\/www.1ciedarcdevincennes.fr\/wp-content\/uploads\/2017\/04\/Victoire-finale-480x196.jpg 480w\" sizes=\"(max-width: 800px) 100vw, 800px\" \/><\/p>\n<p style=\"text-align: justify;\"><span style=\"font-family: 'comic sans ms', sans-serif; font-size: 14pt; color: #000000;\">Cette comp\u00e9tition amicale entre quatre Compagnies (Villiers-sur-Marne, Chennevi\u00e8res, Noisy-le-Grand et Vincennes), \u00e9tait organis\u00e9e cette ann\u00e9e par Vincennes.<\/span><\/p>\n<p style=\"text-align: justify;\"><span style=\"font-family: 'comic sans ms', sans-serif; font-size: 14pt; color: #000000;\"> Au total 124 archers des quatre Compagnies ont tir\u00e9 ce jour l\u00e0 au CTSARC de Chennevi\u00e8res.<\/span><\/p>\n<p style=\"text-align: justify;\"><span style=\"font-family: 'comic sans ms', sans-serif; font-size: 14pt; color: #000000;\"> Pour Vincennes, 37 comp\u00e9titeurs, dont 10 d\u00e9butants, ont remarquablement \u0153uvr\u00e9 car au final 24 r\u00e9compenses individuelles nous ont \u00e9t\u00e9 attribu\u00e9es\u00a0:<\/span><\/p>\n<p style=\"text-align: justify;\"><span style=\"font-family: 'comic sans ms', sans-serif; font-size: 14pt; color: #000000;\"> -Pour le tir compt\u00e9\u00a0: 6 podiums chez les d\u00e9butants et 16 podiums chez les confirm\u00e9s,<\/span><br \/>\n<span style=\"font-family: 'comic sans ms', sans-serif; font-size: 14pt; color: #000000;\"> -Pour la meilleure fl\u00e8che\u00a0: 2 podiums (d\u00e9butants et confirm\u00e9s classiques).<\/span><\/p>\n<p style=\"text-align: justify;\"><span style=\"font-family: 'comic sans ms', sans-serif; font-size: 14pt; color: #000000;\"> Pendant que le tir de la meilleure fl\u00e8che avait lieu, grande f\u00e9brilit\u00e9 dans le bureau de saisies des r\u00e9sultats dans l\u2019attente du bilan global pour l\u2019attribution de la coupe\u00a0selon le d\u00e9compte des points du r\u00e8glement !<\/span><\/p>\n<p style=\"text-align: justify;\"><span style=\"font-family: 'comic sans ms', sans-serif; font-size: 14pt; color: #000000;\"> \u2026Une fois tout saisi ce fut \u00e0 nouveau Vincennes qui se classa premier avec 18 points devant Villiers (16 points), Chennevi\u00e8res (10 points) et Noisy (6 points)\u00a0! Nous sommes donc repartis le soir avec la coupe que nous avions fournie en tant qu\u2019organisateur, apr\u00e8s une tr\u00e8s joyeuse journ\u00e9e de tir amical que tous ont pu appr\u00e9cier.\u00a0<\/span><\/p>\n<p style=\"text-align: justify;\"><span style=\"font-family: 'comic sans ms', sans-serif; font-size: 14pt; color: #000000;\">(<a title=\"R\u00e9sultats coupe Pag\u00e8s et Podiums de Vincennes\" href=\"https:\/\/www.1ciedarcdevincennes.fr\/index.php\/les-concours-exterieurs\/resultats-de-la-coupe-pages\">Voir les pi\u00e8ces jointes pour en savoir plus sur les <span style=\"text-decoration: underline;\">podiums de Vincennes et pour acc\u00e9der \u00e0 l\u2019ensemble des r\u00e9sultats individuels<\/span><\/a>)<\/span><\/p>\n<p style=\"text-align: justify;\"><span style=\"font-family: 'comic sans ms', sans-serif; font-size: 14pt; color: #000000;\">Christian<\/span><\/p>\n","protected":false},"excerpt":{"rendered":"<p>Le Dimanche 26 f\u00e9vrier 2017, a eu lieu la traditionnelle Coupe Pag\u00e8s, \u00e0 nouveau gagn\u00e9e par Vincennes\u00a0! Cette comp\u00e9tition amicale entre quatre [&hellip;]<\/p>\n","protected":false},"author":1,"featured_media":0,"parent":1130,"menu_order":0,"comment_status":"closed","ping_status":"closed","template":"page-templates\/page_fullwidth.php","meta":{"_mc_calendar":[]},"_links":{"self":[{"href":"https:\/\/www.1ciedarcdevincennes.fr\/index.php\/wp-json\/wp\/v2\/pages\/555"}],"collection":[{"href":"https:\/\/www.1ciedarcdevincennes.fr\/index.php\/wp-json\/wp\/v2\/pages"}],"about":[{"href":"https:\/\/www.1ciedarcdevincennes.fr\/index.php\/wp-json\/wp\/v2\/types\/page"}],"author":[{"embeddable":true,"href":"https:\/\/www.1ciedarcdevincennes.fr\/index.php\/wp-json\/wp\/v2\/users\/1"}],"replies":[{"embeddable":true,"href":"https:\/\/www.1ciedarcdevincennes.fr\/index.php\/wp-json\/wp\/v2\/comments?post=555"}],"version-history":[{"count":7,"href":"https:\/\/www.1ciedarcdevincennes.fr\/index.php\/wp-json\/wp\/v2\/pages\/555\/revisions"}],"predecessor-version":[{"id":579,"href":"https:\/\/www.1ciedarcdevincennes.fr\/index.php\/wp-json\/wp\/v2\/pages\/555\/revisions\/579"}],"up":[{"embeddable":true,"href":"https:\/\/www.1ciedarcdevincennes.fr\/index.php\/wp-json\/wp\/v2\/pages\/1130"}],"wp:attachment":[{"href":"https:\/\/www.1ciedarcdevincennes.fr\/index.php\/wp-json\/wp\/v2\/media?parent=555"}],"curies":[{"name":"wp","href":"https:\/\/api.w.org\/{rel}","templated":true}]}}