{"id":558,"date":"2017-04-18T22:21:12","date_gmt":"2017-04-18T20:21:12","guid":{"rendered":"http:\/\/www.1ciedarcdevincennes.fr\/?page_id=558"},"modified":"2017-04-18T22:21:12","modified_gmt":"2017-04-18T20:21:12","slug":"resultats-de-la-coupe-pages","status":"publish","type":"page","link":"https:\/\/www.1ciedarcdevincennes.fr\/index.php\/concours\/resultats\/les-concours-exterieurs\/resultats-de-la-coupe-pages\/","title":{"rendered":"R\u00e9sultats de la Coupe Pag\u00e8s"},"content":{"rendered":"<h2><span style=\"font-size: 18pt; color: #000000;\">PODIUMS DES VINCENNOIS A LA COUPE PAGES 2017<\/span><\/h2>\n<p><span style=\"text-decoration: underline;\"><strong><span style=\"color: #000000; text-decoration: underline;\"> 1\/D\u00e9butants 6 podiums\u00a0:<\/span><\/strong><\/span><\/p>\n<p><span style=\"color: #000000;\"> Adultes femmes : Julie 3\u00e8me<\/span><br \/>\n<span style=\"color: #000000;\"> Adultes hommes : J\u00e9r\u00f4me 1er, Fran\u00e7ois S 2\u00e8me<\/span><br \/>\n<span style=\"color: #000000;\"> Jeunes hommes : Cl\u00e9ment 1er, Antoine 2\u00e8me et Valentin 3\u00e8me<\/span><\/p>\n<p>&nbsp;<\/p>\n<p><span style=\"text-decoration: underline;\"><strong><span style=\"color: #000000; text-decoration: underline;\">2\/Confirm\u00e9s\u00a016 podiums :<\/span><\/strong><\/span><br \/>\n<strong><span style=\"color: #000000;\"> Arc classique\u00a0:<\/span><\/strong><br \/>\n<span style=\"color: #000000;\"> Minimes femmes\u00a0: Mathilde 2\u00e8me<\/span><br \/>\n<span style=\"color: #000000;\"> Minimes hommes\u00a0: Paul 2\u00e8me<\/span><br \/>\n<span style=\"color: #000000;\"> Cadets filles\u00a0: Illona 1\u00e8re, Alice C 2\u00e8me, Gw\u00e9na\u00eblle 3\u00e8me<\/span><br \/>\n<span style=\"color: #000000;\"> Cadets hommes : Guillaume 2\u00e8me, Th\u00e9ophane 3\u00e8me<\/span><br \/>\n<span style=\"color: #000000;\"> Juniors hommes : Fran\u00e7ois C 2\u00e8me, Ennio 3\u00e8me<\/span><br \/>\n<span style=\"color: #000000;\"> Seniors femmes\u00a0: Pauline 3\u00e8me<\/span><br \/>\n<span style=\"color: #000000;\"> Seniors hommes : Olivier 1er et Rodolphe 2\u00e8me<\/span><br \/>\n<strong><span style=\"color: #000000;\"> Arc nu\u00a0:<\/span><\/strong><br \/>\n<span style=\"color: #000000;\"> Seniors femmes : Joanna 1\u00e8re<\/span><br \/>\n<span style=\"color: #000000;\"> Seniors hommes\u00a0: Johann 3\u00e8me<\/span><br \/>\n<strong><span style=\"color: #000000;\"> Arc \u00e0 poulies\u00a0:<\/span><\/strong><br \/>\n<span style=\"color: #000000;\"> Super-v\u00e9t\u00e9rans hommes\u00a0: Jean-Claude 2\u00e8me<\/span><br \/>\n<span style=\"color: #000000;\"> V\u00e9t\u00e9rans hommes\u00a0: Michel A 1er<\/span><\/p>\n<p><span style=\"text-decoration: underline;\"><strong><span style=\"color: #000000; text-decoration: underline;\"> 3\/ Meilleure fl\u00e8che, 2 podiums\u00a0:<\/span><\/strong><\/span><br \/>\n<span style=\"color: #000000;\"> Meilleure fl\u00e8che confirm\u00e9s \u00ab\u00a0classique\u00a0\u00bb : Olivier<\/span><br \/>\n<span style=\"color: #000000;\"> Meilleure fl\u00e8che d\u00e9butants : J\u00e9r\u00f4me<\/span><\/p>\n<p><strong><span style=\"font-size: 14pt;\">Voir l&rsquo;ensemble des r\u00e9sultats individuels :\u00a0<\/span><\/strong><\/p>\n<p><span style=\"font-size: 18pt;\"><a title=\"R\u00e9sultats Coupe Pag\u00e8s 2017\" href=\"https:\/\/www.1ciedarcdevincennes.fr\/wp-content\/uploads\/2017\/04\/Resultats-pages-2017.pdf\">R\u00e9sultats Coupe Pag\u00e8s<\/a><\/span><\/p>\n<p>&nbsp;<\/p>\n","protected":false},"excerpt":{"rendered":"<p>PODIUMS DES VINCENNOIS A LA COUPE PAGES 2017 1\/D\u00e9butants 6 podiums\u00a0: Adultes femmes : Julie 3\u00e8me Adultes hommes : J\u00e9r\u00f4me 1er, Fran\u00e7ois [&hellip;]<\/p>\n","protected":false},"author":1,"featured_media":0,"parent":87,"menu_order":0,"comment_status":"closed","ping_status":"closed","template":"page-templates\/page_fullwidth.php","meta":{"_mc_calendar":[]},"_links":{"self":[{"href":"https:\/\/www.1ciedarcdevincennes.fr\/index.php\/wp-json\/wp\/v2\/pages\/558"}],"collection":[{"href":"https:\/\/www.1ciedarcdevincennes.fr\/index.php\/wp-json\/wp\/v2\/pages"}],"about":[{"href":"https:\/\/www.1ciedarcdevincennes.fr\/index.php\/wp-json\/wp\/v2\/types\/page"}],"author":[{"embeddable":true,"href":"https:\/\/www.1ciedarcdevincennes.fr\/index.php\/wp-json\/wp\/v2\/users\/1"}],"replies":[{"embeddable":true,"href":"https:\/\/www.1ciedarcdevincennes.fr\/index.php\/wp-json\/wp\/v2\/comments?post=558"}],"version-history":[{"count":11,"href":"https:\/\/www.1ciedarcdevincennes.fr\/index.php\/wp-json\/wp\/v2\/pages\/558\/revisions"}],"predecessor-version":[{"id":575,"href":"https:\/\/www.1ciedarcdevincennes.fr\/index.php\/wp-json\/wp\/v2\/pages\/558\/revisions\/575"}],"up":[{"embeddable":true,"href":"https:\/\/www.1ciedarcdevincennes.fr\/index.php\/wp-json\/wp\/v2\/pages\/87"}],"wp:attachment":[{"href":"https:\/\/www.1ciedarcdevincennes.fr\/index.php\/wp-json\/wp\/v2\/media?parent=558"}],"curies":[{"name":"wp","href":"https:\/\/api.w.org\/{rel}","templated":true}]}}