{"id":688,"date":"2017-04-15T20:46:30","date_gmt":"2017-04-15T18:46:30","guid":{"rendered":"http:\/\/www.1ciedarcdevincennes.fr\/?page_id=688"},"modified":"2017-12-03T21:07:44","modified_gmt":"2017-12-03T20:07:44","slug":"prix-generaux","status":"publish","type":"page","link":"https:\/\/www.1ciedarcdevincennes.fr\/index.php\/actualites\/actualites-2017\/prix-generaux\/","title":{"rendered":"Prix G\u00e9n\u00e9raux"},"content":{"rendered":"<p><span style=\"font-family: 'comic sans ms', sans-serif; font-size: 14pt; color: #000000;\">Les Prix G\u00e9n\u00e9raux se d\u00e9rouleront du 4 mars au 17 septembre 2017.<\/span><\/p>\n<p><span style=\"font-family: 'comic sans ms', sans-serif; font-size: 18pt; color: #000000;\">Voir le <a title=\"Mandat de la Famille de Beaut\u00e9\" href=\"https:\/\/www.1ciedarcdevincennes.fr\/wp-content\/uploads\/2017\/05\/Mandat-Famille-de-Beaute-2017.pdf\">Mandat de la Famille de Beaut\u00e9<\/a><\/span><\/p>\n<p><span style=\"font-family: 'comic sans ms', sans-serif; font-size: 14pt; color: #000000;\"><em>Les compagnies d&rsquo;arc et le Prix G\u00e9n\u00e9ral<\/em><\/span><\/p>\n<p style=\"text-align: justify;\"><span style=\"font-family: 'comic sans ms', sans-serif; font-size: 14pt; color: #000000;\"><em>Chaque Compagnie d&rsquo;arc se doit de rendre tous les ans un Prix g\u00e9n\u00e9ral, c&rsquo;est-\u00e0-dire qu\u2019elle organise un tir amical o\u00f9 tous les archers des autres compagnies sont cordialement invit\u00e9s \u00e0 participer. Ce prix consiste \u00e0 tirer la plus belle fl\u00e8che \u00e0 50 m\u00e8tres, sur une carte Beursault, principalement en 30 haltes (60 fl\u00e8ches) sur le jeu d&rsquo;arc de la compagnie organisatrice.<\/em><\/span><\/p>\n<p style=\"text-align: justify;\"><span style=\"font-family: 'comic sans ms', sans-serif; font-size: 14pt; color: #000000;\"><em>Le prix g\u00e9n\u00e9ral reste l\u2019un des tirs les plus embl\u00e9matiques d\u2019une compagnie d\u2019arc, et il offre aujourd\u2019hui encore plusieurs occasions aux tireurs\u00a0 de renforcer ou de cr\u00e9er des liens amicaux en se rendant sur le jeu d\u2019arc de diff\u00e9rentes compagnies. <\/em><\/span><\/p>\n<p style=\"text-align: justify;\"><span style=\"font-family: 'comic sans ms', sans-serif; font-size: 14pt; color: #000000;\"><em>Les Prix G\u00e9n\u00e9raux de la Famille de Beaut\u00e9<\/em><\/span><\/p>\n<p style=\"text-align: justify;\"><span style=\"font-family: 'comic sans ms', sans-serif; font-size: 14pt; color: #000000;\"><em>La Famille de Beaut\u00e9 fut cr\u00e9\u00e9e en 1859, elle regroupe plusieurs compagnies dont la 1<sup>\u00e8re<\/sup> Cie d\u2019Arc de Vincennes. Parmi ses attributions, figurent le maintien des traditions et l&rsquo;organisation des Prix G\u00e9n\u00e9raux. A l&rsquo;issue des Prix G\u00e9n\u00e9raux, la Famille de Beaut\u00e9 organise le Prix de la Famille, dont les Eliminatoires et la Finale auront lieu cette ann\u00e9e \u00e0 la Compagnie de Vincennes.<\/em><\/span><\/p>\n<p style=\"text-align: justify;\"><img loading=\"lazy\" class=\"aligncenter size-full wp-image-694\" src=\"https:\/\/www.1ciedarcdevincennes.fr\/wp-content\/uploads\/2017\/05\/jeudarc.jpg\" alt=\"jeudarc\" width=\"294\" height=\"377\" srcset=\"https:\/\/www.1ciedarcdevincennes.fr\/wp-content\/uploads\/2017\/05\/jeudarc.jpg 294w, https:\/\/www.1ciedarcdevincennes.fr\/wp-content\/uploads\/2017\/05\/jeudarc-234x300.jpg 234w, https:\/\/www.1ciedarcdevincennes.fr\/wp-content\/uploads\/2017\/05\/jeudarc-230x295.jpg 230w\" sizes=\"(max-width: 294px) 100vw, 294px\" \/><\/p>\n<p><span style=\"font-family: 'comic sans ms', sans-serif; font-size: 14pt; color: #000000;\"><em>Egalement \u00e0 d\u00e9couvrir\u00a0: <\/em><\/span><\/p>\n<ul>\n<li><span style=\"font-family: 'comic sans ms', sans-serif; font-size: 14pt; color: #000000;\"><em>le <a title=\"tir Beursault\" href=\"https:\/\/www.1ciedarcdevincennes.fr\/index.php\/histoire-et-traditions\/le-tir-beursault\/\">tir Beursault<\/a><\/em><\/span><\/li>\n<li><span style=\"font-family: 'comic sans ms', sans-serif; font-size: 14pt; color: #000000;\"><em>les <a title=\"us et coutumes\" href=\"https:\/\/www.1ciedarcdevincennes.fr\/index.php\/histoire-et-traditions\/us-et-coutumes\/\">us et coutumes<\/a><\/em><\/span><\/li>\n<\/ul>\n","protected":false},"excerpt":{"rendered":"<p>Les Prix G\u00e9n\u00e9raux se d\u00e9rouleront du 4 mars au 17 septembre 2017. Voir le Mandat de la Famille de Beaut\u00e9 Les compagnies [&hellip;]<\/p>\n","protected":false},"author":1,"featured_media":0,"parent":1130,"menu_order":0,"comment_status":"closed","ping_status":"closed","template":"page-templates\/page_fullwidth.php","meta":{"_mc_calendar":[]},"_links":{"self":[{"href":"https:\/\/www.1ciedarcdevincennes.fr\/index.php\/wp-json\/wp\/v2\/pages\/688"}],"collection":[{"href":"https:\/\/www.1ciedarcdevincennes.fr\/index.php\/wp-json\/wp\/v2\/pages"}],"about":[{"href":"https:\/\/www.1ciedarcdevincennes.fr\/index.php\/wp-json\/wp\/v2\/types\/page"}],"author":[{"embeddable":true,"href":"https:\/\/www.1ciedarcdevincennes.fr\/index.php\/wp-json\/wp\/v2\/users\/1"}],"replies":[{"embeddable":true,"href":"https:\/\/www.1ciedarcdevincennes.fr\/index.php\/wp-json\/wp\/v2\/comments?post=688"}],"version-history":[{"count":6,"href":"https:\/\/www.1ciedarcdevincennes.fr\/index.php\/wp-json\/wp\/v2\/pages\/688\/revisions"}],"predecessor-version":[{"id":696,"href":"https:\/\/www.1ciedarcdevincennes.fr\/index.php\/wp-json\/wp\/v2\/pages\/688\/revisions\/696"}],"up":[{"embeddable":true,"href":"https:\/\/www.1ciedarcdevincennes.fr\/index.php\/wp-json\/wp\/v2\/pages\/1130"}],"wp:attachment":[{"href":"https:\/\/www.1ciedarcdevincennes.fr\/index.php\/wp-json\/wp\/v2\/media?parent=688"}],"curies":[{"name":"wp","href":"https:\/\/api.w.org\/{rel}","templated":true}]}}