{"id":73,"date":"2016-09-27T21:58:20","date_gmt":"2016-09-27T19:58:20","guid":{"rendered":"http:\/\/www.1ciedarcdevincennes.fr\/?page_id=73"},"modified":"2018-01-07T19:47:46","modified_gmt":"2018-01-07T18:47:46","slug":"decouverte-du-tir-a-larc","status":"publish","type":"page","link":"https:\/\/www.1ciedarcdevincennes.fr\/index.php\/decouverte-du-tir-a-larc\/","title":{"rendered":"D\u00e9couverte du tir \u00e0 l&rsquo;arc"},"content":{"rendered":"<p><span style=\"font-family: 'comic sans ms', sans-serif; font-size: 14pt;\">D\u00e9couvrez le mat\u00e9riel :<\/span><\/p>\n<ul>\n<li><span style=\"font-family: 'comic sans ms', sans-serif; font-size: 14pt;\"><a title=\"Les diff\u00e9rents types d'arcs\" href=\"https:\/\/www.1ciedarcdevincennes.fr\/index.php\/decouverte-du-tir-a-larc\/les-differents-types-darcs\/\">Les diff\u00e9rents types d&rsquo;arcs<\/a><\/span><\/li>\n<li><span style=\"font-family: 'comic sans ms', sans-serif; font-size: 14pt;\"><a title=\"Les fl\u00e8ches\" href=\"https:\/\/www.1ciedarcdevincennes.fr\/index.php\/decouverte-du-tir-a-larc\/les-fleches\/\">Les fl\u00e8ches<\/a><\/span><\/li>\n<li><span style=\"font-family: 'comic sans ms', sans-serif; font-size: 14pt;\"><a title=\"Les accessoires de base\" href=\"https:\/\/www.1ciedarcdevincennes.fr\/index.php\/decouverte-du-tir-a-larc\/les-accessoires-de-base\/\">Les accessoires de base<\/a><\/span><\/li>\n<\/ul>\n<p><span style=\"font-family: comic sans ms,sans-serif; font-size: 14pt;\">Le tir \u00e0 l\u2019arc peut se pratiquer toute l\u2019ann\u00e9e, et plusieurs disciplines coexistent :<\/span><\/p>\n<p>&nbsp;<\/p>\n<ul>\n<li><span style=\"font-family: comic sans ms,sans-serif; font-size: 14pt;\">Le <a title=\"Tir Beursault\" href=\"https:\/\/www.1ciedarcdevincennes.fr\/index.php\/histoire-et-traditions\/le-tir-beursault\/\">tir Beursault<\/a> qui se pratique sur un jeu d\u2019arc, dans les compagnies tout au long de l\u2019ann\u00e9e \u00e0 une distance de 50 m\u00e8tres<\/span><\/li>\n<li><span style=\"font-family: comic sans ms,sans-serif; font-size: 14pt;\">Le tir en salle, \u00e0 une distance de 18 m\u00e8tres, d\u2019octobre \u00e0 mars en gymnase<\/span><\/li>\n<li><span style=\"font-family: comic sans ms,sans-serif; font-size: 14pt;\">Le tir sur cibles ext\u00e9rieures, \u00e0 50 m\u00e8tres ou 70 m\u00e8tres, du printemps jusqu\u2019\u00e0 la fin de l\u2019\u00e9t\u00e9 en stade<\/span><\/li>\n<li><span style=\"font-family: comic sans ms,sans-serif; font-size: 14pt;\">Les disciplines de parcours, comme le tir 3D, le tir campagne ou le tir nature, se pratiquent au grand air et sur terrain bois\u00e9, en g\u00e9n\u00e9ral. La distance jusqu\u2019\u00e0 la cible peut atteindre 60 m\u00e8tres. <\/span><\/li>\n<\/ul>\n<p><span style=\"font-family: comic sans ms,sans-serif; font-size: 14pt;\">Egalement \u00e0 d\u00e9couvrir : <\/span><\/p>\n<ul>\n<li><span style=\"font-size: 14pt;\"><a title=\"Lexique\" href=\"https:\/\/www.1ciedarcdevincennes.fr\/index.php\/histoire-et-traditions\/lexique-destine-aux-debutant\/\"><span style=\"font-family: comic sans ms,sans-serif;\">Lexique du tir \u00e0 l&rsquo;arc<\/span> <\/a><\/span><\/li>\n<li><span style=\"font-family: comic sans ms,sans-serif; font-size: 14pt;\"><a title=\"Tirs de compagnie\" href=\"https:\/\/www.1ciedarcdevincennes.fr\/index.php\/la-compagnie\/les-tirs-de-compagnie\/\">Les tirs de compagnie<\/a><\/span><\/li>\n<\/ul>\n<p>&nbsp;<\/p>\n","protected":false},"excerpt":{"rendered":"<p>D\u00e9couvrez le mat\u00e9riel : Les diff\u00e9rents types d&rsquo;arcs Les fl\u00e8ches Les accessoires de base Le tir \u00e0 l\u2019arc peut se pratiquer toute [&hellip;]<\/p>\n","protected":false},"author":1,"featured_media":0,"parent":0,"menu_order":0,"comment_status":"closed","ping_status":"closed","template":"page-templates\/page_fullwidth.php","meta":{"_mc_calendar":[]},"_links":{"self":[{"href":"https:\/\/www.1ciedarcdevincennes.fr\/index.php\/wp-json\/wp\/v2\/pages\/73"}],"collection":[{"href":"https:\/\/www.1ciedarcdevincennes.fr\/index.php\/wp-json\/wp\/v2\/pages"}],"about":[{"href":"https:\/\/www.1ciedarcdevincennes.fr\/index.php\/wp-json\/wp\/v2\/types\/page"}],"author":[{"embeddable":true,"href":"https:\/\/www.1ciedarcdevincennes.fr\/index.php\/wp-json\/wp\/v2\/users\/1"}],"replies":[{"embeddable":true,"href":"https:\/\/www.1ciedarcdevincennes.fr\/index.php\/wp-json\/wp\/v2\/comments?post=73"}],"version-history":[{"count":4,"href":"https:\/\/www.1ciedarcdevincennes.fr\/index.php\/wp-json\/wp\/v2\/pages\/73\/revisions"}],"predecessor-version":[{"id":1242,"href":"https:\/\/www.1ciedarcdevincennes.fr\/index.php\/wp-json\/wp\/v2\/pages\/73\/revisions\/1242"}],"wp:attachment":[{"href":"https:\/\/www.1ciedarcdevincennes.fr\/index.php\/wp-json\/wp\/v2\/media?parent=73"}],"curies":[{"name":"wp","href":"https:\/\/api.w.org\/{rel}","templated":true}]}}