{"id":795,"date":"2017-08-31T22:05:02","date_gmt":"2017-08-31T20:05:02","guid":{"rendered":"http:\/\/www.1ciedarcdevincennes.fr\/?page_id=795"},"modified":"2017-12-03T21:06:32","modified_gmt":"2017-12-03T20:06:32","slug":"ouverture-du-prix-general-2017","status":"publish","type":"page","link":"https:\/\/www.1ciedarcdevincennes.fr\/index.php\/actualites\/actualites-2017\/ouverture-du-prix-general-2017\/","title":{"rendered":"Ouverture du Prix G\u00e9n\u00e9ral 2017"},"content":{"rendered":"<p><span style=\"font-family: 'comic sans ms', sans-serif; font-size: 14pt; color: #000000;\">La 1<sup>\u00e8re<\/sup> Compagnie d\u2019Arc de Vincennes a le plaisir de vous informer de l\u2019ouverture de son Prix G\u00e9n\u00e9ral 2017 depuis le samedi 26 Ao\u00fbt. Lors de ces premiers jours nous avons d\u00e9j\u00e0 eu le plaisir d\u2019accueillir 35 archers. Le Prix est ouvert jusqu\u2019au Dimanche 17 septembre, la remise des r\u00e9compenses aura lieu ce m\u00eame jour \u00e0 18h30 et sera suivie d\u2019un pot de l\u2019amiti\u00e9. <\/span><\/p>\n<p><span style=\"font-family: 'comic sans ms', sans-serif; font-size: 14pt; color: #000000;\">Pour plus d\u2019informations, <span style=\"text-decoration: underline;\"><strong><a style=\"color: #000000; text-decoration: underline;\" href=\"https:\/\/www.1ciedarcdevincennes.fr\/wp-content\/uploads\/2017\/08\/Mandat-Prix-G\u00e9n\u00e9ral-2017.pdf\">cliquer sur le lien du mandat<\/a>. <\/strong><\/span><\/span><\/p>\n<p><span style=\"font-family: 'comic sans ms', sans-serif; font-size: 14pt; color: #000000;\">Nous aurons \u00e9galement le plaisir de vous recevoir pour notre concours salle le samedi 4 et dimanche 5 Novembre.<\/span><\/p>\n<p>&nbsp;<\/p>\n<p><span style=\"font-family: 'comic sans ms', sans-serif; font-size: 14pt; color: #000000;\">Nous vous attendons nombreux\u00a0!<\/span><\/p>\n","protected":false},"excerpt":{"rendered":"<p>La 1\u00e8re Compagnie d\u2019Arc de Vincennes a le plaisir de vous informer de l\u2019ouverture de son Prix G\u00e9n\u00e9ral 2017 depuis le samedi [&hellip;]<\/p>\n","protected":false},"author":1,"featured_media":0,"parent":1130,"menu_order":0,"comment_status":"closed","ping_status":"closed","template":"page-templates\/page_fullwidth.php","meta":{"_mc_calendar":[]},"_links":{"self":[{"href":"https:\/\/www.1ciedarcdevincennes.fr\/index.php\/wp-json\/wp\/v2\/pages\/795"}],"collection":[{"href":"https:\/\/www.1ciedarcdevincennes.fr\/index.php\/wp-json\/wp\/v2\/pages"}],"about":[{"href":"https:\/\/www.1ciedarcdevincennes.fr\/index.php\/wp-json\/wp\/v2\/types\/page"}],"author":[{"embeddable":true,"href":"https:\/\/www.1ciedarcdevincennes.fr\/index.php\/wp-json\/wp\/v2\/users\/1"}],"replies":[{"embeddable":true,"href":"https:\/\/www.1ciedarcdevincennes.fr\/index.php\/wp-json\/wp\/v2\/comments?post=795"}],"version-history":[{"count":4,"href":"https:\/\/www.1ciedarcdevincennes.fr\/index.php\/wp-json\/wp\/v2\/pages\/795\/revisions"}],"predecessor-version":[{"id":803,"href":"https:\/\/www.1ciedarcdevincennes.fr\/index.php\/wp-json\/wp\/v2\/pages\/795\/revisions\/803"}],"up":[{"embeddable":true,"href":"https:\/\/www.1ciedarcdevincennes.fr\/index.php\/wp-json\/wp\/v2\/pages\/1130"}],"wp:attachment":[{"href":"https:\/\/www.1ciedarcdevincennes.fr\/index.php\/wp-json\/wp\/v2\/media?parent=795"}],"curies":[{"name":"wp","href":"https:\/\/api.w.org\/{rel}","templated":true}]}}