{"id":824,"date":"2017-09-27T21:35:50","date_gmt":"2017-09-27T19:35:50","guid":{"rendered":"http:\/\/www.1ciedarcdevincennes.fr\/?page_id=824"},"modified":"2017-12-03T21:04:45","modified_gmt":"2017-12-03T20:04:45","slug":"concours-en-salle-45-novembre-2017","status":"publish","type":"page","link":"https:\/\/www.1ciedarcdevincennes.fr\/index.php\/actualites\/actualites-2017\/concours-en-salle-45-novembre-2017\/","title":{"rendered":"Concours en salle 4&#038;5 Novembre 2017"},"content":{"rendered":"<p><img loading=\"lazy\" class=\"alignnone size-medium wp-image-828 aligncenter\" src=\"https:\/\/www.1ciedarcdevincennes.fr\/wp-content\/uploads\/2017\/09\/Concours-salle-300x157.png\" alt=\"Concours salle\" width=\"300\" height=\"157\" srcset=\"https:\/\/www.1ciedarcdevincennes.fr\/wp-content\/uploads\/2017\/09\/Concours-salle-300x157.png 300w, https:\/\/www.1ciedarcdevincennes.fr\/wp-content\/uploads\/2017\/09\/Concours-salle-230x121.png 230w, https:\/\/www.1ciedarcdevincennes.fr\/wp-content\/uploads\/2017\/09\/Concours-salle-350x184.png 350w, https:\/\/www.1ciedarcdevincennes.fr\/wp-content\/uploads\/2017\/09\/Concours-salle-480x252.png 480w, https:\/\/www.1ciedarcdevincennes.fr\/wp-content\/uploads\/2017\/09\/Concours-salle.png 570w\" sizes=\"(max-width: 300px) 100vw, 300px\" \/><\/p>\n<p>&nbsp;<\/p>\n<p><span style=\"font-family: 'comic sans ms', sans-serif; font-size: 14pt;\">La 1\u00e8re Compagnie d&rsquo;Arc de Vincennes a le plaisir de vous convier \u00e0 son concours en salle 2&#215;18 m\u00e8tres Target le samedi 4 et dimanche 5 Novembre 2017.<\/span><\/p>\n<p><span style=\"font-family: 'comic sans ms', sans-serif; font-size: 14pt;\">Comme chaque ann\u00e9e le concours aura lieu au Centre Sportif Georges Pompidou (accessible via M\u00e9tro ligne 1 ou RER A)<\/span><\/p>\n<p>&nbsp;<\/p>\n<p><span style=\"font-family: 'comic sans ms', sans-serif; font-size: 14pt;\">Pour plus d&rsquo;informations cliquez sur le lien du <span style=\"font-size: 18pt;\"><a title=\"mandat\" href=\"https:\/\/www.1ciedarcdevincennes.fr\/wp-content\/uploads\/2017\/09\/Mandattirensallevincennes2017.pdf\">mandat<\/a>.<\/span><\/span><\/p>\n<p>&nbsp;<\/p>\n<p><span style=\"font-family: 'comic sans ms', sans-serif; font-size: 14pt;\">N&rsquo;h\u00e9sitez pas \u00e0 partager l\u2019\u00e9v\u00e9nement via notre page <span style=\"font-size: 18pt;\"><a title=\"Facebook\" href=\"https:\/\/www.facebook.com\/1%C3%A8re-Compagnie-dArc-de-Vincennes-343213092793838\/?hc_ref=ARQa1x3_GLzb6PtB0o7Xl7ClMejKnXhdoShxbgczxNOyLw3Sakf5VB-U5DEkCLbuXqo\">Facebook<\/a><\/span><\/span><\/p>\n<p>&nbsp;<\/p>\n","protected":false},"excerpt":{"rendered":"<p>&nbsp; La 1\u00e8re Compagnie d&rsquo;Arc de Vincennes a le plaisir de vous convier \u00e0 son concours en salle 2&#215;18 m\u00e8tres Target le [&hellip;]<\/p>\n","protected":false},"author":1,"featured_media":0,"parent":1130,"menu_order":0,"comment_status":"closed","ping_status":"closed","template":"page-templates\/page_fullwidth.php","meta":{"_mc_calendar":[]},"_links":{"self":[{"href":"https:\/\/www.1ciedarcdevincennes.fr\/index.php\/wp-json\/wp\/v2\/pages\/824"}],"collection":[{"href":"https:\/\/www.1ciedarcdevincennes.fr\/index.php\/wp-json\/wp\/v2\/pages"}],"about":[{"href":"https:\/\/www.1ciedarcdevincennes.fr\/index.php\/wp-json\/wp\/v2\/types\/page"}],"author":[{"embeddable":true,"href":"https:\/\/www.1ciedarcdevincennes.fr\/index.php\/wp-json\/wp\/v2\/users\/1"}],"replies":[{"embeddable":true,"href":"https:\/\/www.1ciedarcdevincennes.fr\/index.php\/wp-json\/wp\/v2\/comments?post=824"}],"version-history":[{"count":5,"href":"https:\/\/www.1ciedarcdevincennes.fr\/index.php\/wp-json\/wp\/v2\/pages\/824\/revisions"}],"predecessor-version":[{"id":831,"href":"https:\/\/www.1ciedarcdevincennes.fr\/index.php\/wp-json\/wp\/v2\/pages\/824\/revisions\/831"}],"up":[{"embeddable":true,"href":"https:\/\/www.1ciedarcdevincennes.fr\/index.php\/wp-json\/wp\/v2\/pages\/1130"}],"wp:attachment":[{"href":"https:\/\/www.1ciedarcdevincennes.fr\/index.php\/wp-json\/wp\/v2\/media?parent=824"}],"curies":[{"name":"wp","href":"https:\/\/api.w.org\/{rel}","templated":true}]}}