{"id":866,"date":"2017-10-26T23:58:13","date_gmt":"2017-10-26T21:58:13","guid":{"rendered":"http:\/\/www.1ciedarcdevincennes.fr\/?page_id=866"},"modified":"2017-12-03T21:05:54","modified_gmt":"2017-12-03T20:05:54","slug":"finale-prix-famille-de-beaute-2017","status":"publish","type":"page","link":"https:\/\/www.1ciedarcdevincennes.fr\/index.php\/actualites\/actualites-2017\/finale-prix-famille-de-beaute-2017\/","title":{"rendered":"Finale Prix Famille de Beaut\u00e9 2017"},"content":{"rendered":"<p><span style=\"font-family: comic sans ms,sans-serif; font-size: 14pt;\">Le week-end du 14 et 15 Octobre s&rsquo;est tenu dans une bonne ambiance la finale du Prix de la Famille de Beaut\u00e9.\u00a0<\/span><\/p>\n<p><span style=\"font-family: comic sans ms,sans-serif; font-size: 14pt;\">Au cours de cette finale, ce sont 50 archers qui se sont d\u00e9plac\u00e9s pour en d\u00e9coudre avec la carte Beursault, certains la regardant d\u00e9daigneusement en retirant une fl\u00e8che qui fr\u00f4lait la correctionnelle, d&rsquo;autre lui jetant un regard plein de sollicitude lorsque le coup leur rapportait 3 voir 4 points.<\/span><\/p>\n<p><img loading=\"lazy\" class=\" wp-image-850 aligncenter\" src=\"https:\/\/www.1ciedarcdevincennes.fr\/wp-content\/uploads\/2017\/10\/Prix-de-Famille-2017-WA0031-300x169.jpg\" alt=\"Prix de Famille 2017-WA0031\" width=\"407\" height=\"229\" srcset=\"https:\/\/www.1ciedarcdevincennes.fr\/wp-content\/uploads\/2017\/10\/Prix-de-Famille-2017-WA0031-300x169.jpg 300w, https:\/\/www.1ciedarcdevincennes.fr\/wp-content\/uploads\/2017\/10\/Prix-de-Famille-2017-WA0031-768x432.jpg 768w, https:\/\/www.1ciedarcdevincennes.fr\/wp-content\/uploads\/2017\/10\/Prix-de-Famille-2017-WA0031-1024x576.jpg 1024w, https:\/\/www.1ciedarcdevincennes.fr\/wp-content\/uploads\/2017\/10\/Prix-de-Famille-2017-WA0031-830x467.jpg 830w, https:\/\/www.1ciedarcdevincennes.fr\/wp-content\/uploads\/2017\/10\/Prix-de-Famille-2017-WA0031-230x129.jpg 230w, https:\/\/www.1ciedarcdevincennes.fr\/wp-content\/uploads\/2017\/10\/Prix-de-Famille-2017-WA0031-350x197.jpg 350w, https:\/\/www.1ciedarcdevincennes.fr\/wp-content\/uploads\/2017\/10\/Prix-de-Famille-2017-WA0031-480x270.jpg 480w, https:\/\/www.1ciedarcdevincennes.fr\/wp-content\/uploads\/2017\/10\/Prix-de-Famille-2017-WA0031.jpg 1599w\" sizes=\"(max-width: 407px) 100vw, 407px\" \/><\/p>\n<p>&nbsp;<\/p>\n<p><span style=\"font-family: comic sans ms,sans-serif; font-size: 14pt;\"><img loading=\"lazy\" class=\"wp-image-868 alignleft\" src=\"https:\/\/www.1ciedarcdevincennes.fr\/wp-content\/uploads\/2017\/10\/Jeunes-PF-1-260x300.jpg\" alt=\"Jeunes-PF-1\" width=\"169\" height=\"195\" srcset=\"https:\/\/www.1ciedarcdevincennes.fr\/wp-content\/uploads\/2017\/10\/Jeunes-PF-1-260x300.jpg 260w, https:\/\/www.1ciedarcdevincennes.fr\/wp-content\/uploads\/2017\/10\/Jeunes-PF-1.jpg 768w, https:\/\/www.1ciedarcdevincennes.fr\/wp-content\/uploads\/2017\/10\/Jeunes-PF-1-230x265.jpg 230w, https:\/\/www.1ciedarcdevincennes.fr\/wp-content\/uploads\/2017\/10\/Jeunes-PF-1-350x403.jpg 350w, https:\/\/www.1ciedarcdevincennes.fr\/wp-content\/uploads\/2017\/10\/Jeunes-PF-1-480x553.jpg 480w\" sizes=\"(max-width: 169px) 100vw, 169px\" \/><\/span><\/p>\n<p><span style=\"color: #ffffff; font-family: comic sans ms,sans-serif; font-size: 14pt;\">&#8211;<\/span><\/p>\n<p><span style=\"font-family: comic sans ms,sans-serif; font-size: 14pt;\">Quatre jeunes Vincennois ont particip\u00e9 avec succ\u00e8s au prix <\/span><span style=\"font-family: comic sans ms,sans-serif; font-size: 14pt;\">de la Famille de Beaut\u00e9 2017 organis\u00e9 par la 1<sup>\u00e8re<\/sup> Compagnie <\/span><span style=\"font-family: comic sans ms,sans-serif; font-size: 14pt;\">d&rsquo;Arc de Vincennes. <\/span><span style=\"font-family: comic sans ms,sans-serif; font-size: 14pt;\">Dans le cadre du \u00ab\u00a0prix sp\u00e9cial jeunes \u00bb <\/span><span style=\"font-family: comic sans ms,sans-serif; font-size: 14pt;\">\u00e0\u00a0 30 m, trois cadets ont particip\u00e9 et ont \u00e9t\u00e9 r\u00e9compens\u00e9s\u00a0: <\/span><span style=\"font-family: comic sans ms,sans-serif; font-size: 14pt;\">Guillaume, notre Roitelet Octave et Thomas (de gauche \u00e0 droite sur la photo).\u00a0\u00a0<\/span><\/p>\n<p style=\"text-align: left;\"><span style=\"color: #ffffff;\">&#8211;<\/span><\/p>\n<p style=\"text-align: justify;\"><span style=\"color: #ffffff;\"><img loading=\"lazy\" class=\"wp-image-869 alignright\" src=\"https:\/\/www.1ciedarcdevincennes.fr\/wp-content\/uploads\/2017\/10\/Jeunes-PF-2-225x300.jpg\" alt=\"Jeunes-PF-2\" width=\"152\" height=\"203\" srcset=\"https:\/\/www.1ciedarcdevincennes.fr\/wp-content\/uploads\/2017\/10\/Jeunes-PF-2-225x300.jpg 225w, https:\/\/www.1ciedarcdevincennes.fr\/wp-content\/uploads\/2017\/10\/Jeunes-PF-2.jpg 768w, https:\/\/www.1ciedarcdevincennes.fr\/wp-content\/uploads\/2017\/10\/Jeunes-PF-2-230x307.jpg 230w, https:\/\/www.1ciedarcdevincennes.fr\/wp-content\/uploads\/2017\/10\/Jeunes-PF-2-350x467.jpg 350w, https:\/\/www.1ciedarcdevincennes.fr\/wp-content\/uploads\/2017\/10\/Jeunes-PF-2-480x640.jpg 480w\" sizes=\"(max-width: 152px) 100vw, 152px\" \/>&#8211;<\/span><\/p>\n<p style=\"text-align: justify;\"><span style=\"font-family: comic sans ms,sans-serif; font-size: 14pt;\">Un autre cadet s&rsquo;est aussi particuli\u00e8rement distingu\u00e9 avec un score honorable en tirant la Finale \u00e0\u00a0 50 m. Il s&rsquo;agit de Th\u00e9ophane qui, apr\u00e8s une belle qualification avec le deuxi\u00e8me meilleur noir \u00ab\u00a0classique \u00bb des \u00e9liminatoires, a le plaisir de porter sa coupe individuelle de la Finale ainsi que le challenge gagn\u00e9 cette ann\u00e9e par Vincennes, gr\u00e2ce \u00e0 Th\u00e9ophane et Rodolphe, pour r\u00e9compenser la Compagnie ayant r\u00e9alis\u00e9 le meilleur total sur deux noirs lors des \u00e9liminatoires.\u00a0<\/span><\/p>\n<p style=\"text-align: justify;\"><span style=\"color: #ffffff;\">&#8211;<\/span><\/p>\n<p style=\"text-align: justify;\"><span style=\"color: #ffffff;\">&#8211;<\/span><\/p>\n<p><span style=\"font-family: comic sans ms,sans-serif; font-size: 14pt;\">Les r\u00e9sultats du prix sont consultables ici: <a title=\"Classement\" href=\"https:\/\/www.1ciedarcdevincennes.fr\/wp-content\/uploads\/2017\/10\/R\u00e9sultats-Finale-Prix-de-la-Famille-de-Beaut\u00e9-2017.pdf\">Classement<\/a><\/span><\/p>\n<p><span style=\"font-family: comic sans ms,sans-serif; font-size: 14pt;\">ainsi que les r\u00e9sultats des challenges: <a title=\"Challenges\" href=\"https:\/\/www.1ciedarcdevincennes.fr\/wp-content\/uploads\/2017\/10\/R\u00e9sultats-Challenges-Prix-de-la-Famille-de-Beaut\u00e9-2017.pdf\">Challenges<\/a><\/span><\/p>\n<p>&nbsp;<\/p>\n<p><span style=\"font-family: comic sans ms,sans-serif; font-size: 14pt;\">Un grand merci \u00e0 tous pour votre participation \u00e0 ce Prix, nous avons pris grand plaisir \u00e0 organiser cet \u00e9v\u00e8nement.<\/span><\/p>\n","protected":false},"excerpt":{"rendered":"<p>Le week-end du 14 et 15 Octobre s&rsquo;est tenu dans une bonne ambiance la finale du Prix de la Famille de Beaut\u00e9.\u00a0 [&hellip;]<\/p>\n","protected":false},"author":1,"featured_media":0,"parent":1130,"menu_order":0,"comment_status":"closed","ping_status":"closed","template":"page-templates\/page_fullwidth.php","meta":{"_mc_calendar":[]},"_links":{"self":[{"href":"https:\/\/www.1ciedarcdevincennes.fr\/index.php\/wp-json\/wp\/v2\/pages\/866"}],"collection":[{"href":"https:\/\/www.1ciedarcdevincennes.fr\/index.php\/wp-json\/wp\/v2\/pages"}],"about":[{"href":"https:\/\/www.1ciedarcdevincennes.fr\/index.php\/wp-json\/wp\/v2\/types\/page"}],"author":[{"embeddable":true,"href":"https:\/\/www.1ciedarcdevincennes.fr\/index.php\/wp-json\/wp\/v2\/users\/1"}],"replies":[{"embeddable":true,"href":"https:\/\/www.1ciedarcdevincennes.fr\/index.php\/wp-json\/wp\/v2\/comments?post=866"}],"version-history":[{"count":29,"href":"https:\/\/www.1ciedarcdevincennes.fr\/index.php\/wp-json\/wp\/v2\/pages\/866\/revisions"}],"predecessor-version":[{"id":910,"href":"https:\/\/www.1ciedarcdevincennes.fr\/index.php\/wp-json\/wp\/v2\/pages\/866\/revisions\/910"}],"up":[{"embeddable":true,"href":"https:\/\/www.1ciedarcdevincennes.fr\/index.php\/wp-json\/wp\/v2\/pages\/1130"}],"wp:attachment":[{"href":"https:\/\/www.1ciedarcdevincennes.fr\/index.php\/wp-json\/wp\/v2\/media?parent=866"}],"curies":[{"name":"wp","href":"https:\/\/api.w.org\/{rel}","templated":true}]}}