{"id":87,"date":"2016-09-27T22:01:28","date_gmt":"2016-09-27T20:01:28","guid":{"rendered":"http:\/\/www.1ciedarcdevincennes.fr\/?page_id=87"},"modified":"2018-07-03T21:55:43","modified_gmt":"2018-07-03T19:55:43","slug":"les-concours-exterieurs","status":"publish","type":"page","link":"https:\/\/www.1ciedarcdevincennes.fr\/index.php\/concours\/resultats\/les-concours-exterieurs\/","title":{"rendered":"Les concours ext\u00e9rieurs"},"content":{"rendered":"<ul>\n<li><span style=\"font-size: 14pt; font-family: comic sans ms, sans-serif;\"><a title=\"R\u00e9sultats de la finale du Troph\u00e9e des Mixtes 2018\" href=\"https:\/\/www.1ciedarcdevincennes.fr\/wp-content\/uploads\/2018\/07\/TROPHEEMIXTES2018-resultats.pdf\">R\u00e9sultats de la finale du Troph\u00e9e des Mixtes 2018<\/a><\/span><\/li>\n<\/ul>\n<p>&nbsp;<\/p>\n<ul>\n<li><span style=\"font-size: 14pt; font-family: 'comic sans ms', sans-serif;\"><a title=\"R\u00e9sultats de la Coupe Pag\u00e8s 4 f\u00e9vrier 2018\" href=\"https:\/\/www.1ciedarcdevincennes.fr\/wp-content\/uploads\/2018\/02\/R\u00e9sultats-coupe-Pages-2018.pdf\">R\u00e9sultats de la Coupe Pag\u00e8s 4 f\u00e9vrier 2018<\/a><\/span><\/li>\n<\/ul>\n<p>&nbsp;<\/p>\n<ul>\n<li><span style=\"font-family: 'comic sans ms', sans-serif; font-size: 14pt;\"><a title=\"Podiums et r\u00e9sultats Coupe Pag\u00e8s\" href=\"https:\/\/www.1ciedarcdevincennes.fr\/index.php\/les-concours-exterieurs\/resultats-de-la-coupe-pages\/\">R\u00e9sultats de la Coupe Pag\u00e8s 26 f\u00e9vrier 2017<\/a><\/span><\/li>\n<\/ul>\n","protected":false},"excerpt":{"rendered":"<p>R\u00e9sultats de la finale du Troph\u00e9e des Mixtes 2018 &nbsp; R\u00e9sultats de la Coupe Pag\u00e8s 4 f\u00e9vrier 2018 &nbsp; R\u00e9sultats de la [&hellip;]<\/p>\n","protected":false},"author":1,"featured_media":0,"parent":89,"menu_order":0,"comment_status":"closed","ping_status":"closed","template":"","meta":{"_mc_calendar":[]},"_links":{"self":[{"href":"https:\/\/www.1ciedarcdevincennes.fr\/index.php\/wp-json\/wp\/v2\/pages\/87"}],"collection":[{"href":"https:\/\/www.1ciedarcdevincennes.fr\/index.php\/wp-json\/wp\/v2\/pages"}],"about":[{"href":"https:\/\/www.1ciedarcdevincennes.fr\/index.php\/wp-json\/wp\/v2\/types\/page"}],"author":[{"embeddable":true,"href":"https:\/\/www.1ciedarcdevincennes.fr\/index.php\/wp-json\/wp\/v2\/users\/1"}],"replies":[{"embeddable":true,"href":"https:\/\/www.1ciedarcdevincennes.fr\/index.php\/wp-json\/wp\/v2\/comments?post=87"}],"version-history":[{"count":6,"href":"https:\/\/www.1ciedarcdevincennes.fr\/index.php\/wp-json\/wp\/v2\/pages\/87\/revisions"}],"predecessor-version":[{"id":1574,"href":"https:\/\/www.1ciedarcdevincennes.fr\/index.php\/wp-json\/wp\/v2\/pages\/87\/revisions\/1574"}],"up":[{"embeddable":true,"href":"https:\/\/www.1ciedarcdevincennes.fr\/index.php\/wp-json\/wp\/v2\/pages\/89"}],"wp:attachment":[{"href":"https:\/\/www.1ciedarcdevincennes.fr\/index.php\/wp-json\/wp\/v2\/media?parent=87"}],"curies":[{"name":"wp","href":"https:\/\/api.w.org\/{rel}","templated":true}]}}