{"id":898,"date":"2017-10-26T22:15:15","date_gmt":"2017-10-26T20:15:15","guid":{"rendered":"http:\/\/www.1ciedarcdevincennes.fr\/?page_id=898"},"modified":"2017-12-03T21:03:39","modified_gmt":"2017-12-03T20:03:39","slug":"ceremonie-delevation-a-la-dignite-de-connetable-dandre-herrera","status":"publish","type":"page","link":"https:\/\/www.1ciedarcdevincennes.fr\/index.php\/actualites\/actualites-2017\/ceremonie-delevation-a-la-dignite-de-connetable-dandre-herrera\/","title":{"rendered":"C\u00e9r\u00e9monie d&rsquo;\u00e9l\u00e9vation \u00e0 la dignit\u00e9 de Conn\u00e9table d&rsquo;Andr\u00e9 Herrera"},"content":{"rendered":"<p><span style=\"font-family: comic sans ms,sans-serif; font-size: 14pt;\">Merci \u00e0 la 1\u00e8re Compagnie de Chennevi\u00e8res pour cet article:<\/span><\/p>\n<p><span style=\"font-family: comic sans ms,sans-serif; font-size: 14pt;\">\u00ab\u00a0Suite \u00e0\u00a0 l&rsquo;annonce des r\u00e9sultats du Prix de Famille 2017, toutes les Compagnies de la Famille ainsi que la 2\u00e8me Compagnie de Nogent et la Compagnie de Dampmart s&rsquo;\u00e9taient donn\u00e9es rendez-vous \u00e0 la Compagnie de Vincennes pour honorer celui qui a \u00e9t\u00e9 Capitaine de la Compagnie de Chennevi\u00e8res durant 20 ans de 1997 \u00e0 2017.<\/span><\/p>\n<p>&nbsp;<\/p>\n<p><span style=\"font-family: comic sans ms,sans-serif; font-size: 14pt;\">Entour\u00e9s des 11 drapeaux des Compagnies pr\u00e9sentes, Dignitaires, Chevaliers et Archers, tous attendaient Andr\u00e9 ce dimanche 15 octobre en fin d&rsquo;apr\u00e8s midi sous un soleil estival.<\/span><\/p>\n<p><span style=\"font-family: comic sans ms,sans-serif; font-size: 14pt;\">De longues minutes se sont \u00e9coul\u00e9es avant qu&rsquo;Andr\u00e9 et sa femme Georgette soient accueillis par plus de 80 personnes dans la cour du logis de Vincennes.<\/span><\/p>\n<p>&nbsp;<\/p>\n<p><span style=\"font-family: comic sans ms,sans-serif; font-size: 14pt;\">Quelques mots de bienvenue qui remplirent d&rsquo;\u00e9motion notre ancien Capitaine.<\/span><\/p>\n<p>&nbsp;<\/p>\n<p><span style=\"font-family: comic sans ms,sans-serif; font-size: 14pt;\">Lucien Tison Conn\u00e9table de la Compagnie lui remit l&rsquo;\u00e9charpe violette apr\u00e8s avoir retrac\u00e9 son parcours d&rsquo;archer depuis 1982. Puis ce f\u00fbt\u00a0 au tour de Gilbert Olivier pr\u00e9sident de la Famille de Beaut\u00e9 de lui adresser quelques mots.<\/span><\/p>\n<p><span style=\"font-family: comic sans ms,sans-serif; font-size: 14pt;\">Afin de marquer cet \u00e9v\u00e8nement, Andr\u00e9 re\u00e7ut en cadeau, un chapeau Stetson et Georgette un bouquet de fleurs et une montre.<\/span><\/p>\n<p><span style=\"font-family: comic sans ms,sans-serif; font-size: 14pt;\">La c\u00e9r\u00e9monie se poursuivit par le traditionnel salut aux Buttes, une minute de silence \u00e0 la m\u00e9moire des archers et chevaliers disparus et le tir sur les cartes d\u00e9cor\u00e9es, \u00e0 cette occasion, par l&rsquo;\u00e9vocation des moments importants de la vie d&rsquo;Andr\u00e9.<\/span><\/p>\n<p><span style=\"font-family: comic sans ms,sans-serif; font-size: 14pt;\">Puis, nous nous sommes retrouv\u00e9s autour d&rsquo;un cocktail et d&rsquo;un buffet agenc\u00e9 sur de belles tables fleuries.<\/span><\/p>\n<p>&nbsp;<\/p>\n<p><span style=\"font-family: comic sans ms,sans-serif; font-size: 14pt;\">Un grand merci \u00e0 la Compagnie de Vincennes qui a pr\u00eat\u00e9 son logis et son jeu pour cet \u00e9mouvant moment.<\/span><\/p>\n<p>&nbsp;<\/p>\n<p><span style=\"font-family: comic sans ms,sans-serif; font-size: 14pt;\">Apr\u00e8s son nouvel Empereur Laurent Leterrier en 2016, la Compagnie de Chennevi\u00e8res compte maintenant parmi ses dignitaires un nouveau Conn\u00e9table Andr\u00e9 Herrera.\u00a0<\/span><\/p>\n<p>&nbsp;<\/p>\n<p><span style=\"font-family: comic sans ms,sans-serif; font-size: 14pt;\">Philippe B\u00e9ranger, Capitaine de la 1\u00e8re Compagnie de Chennevi\u00e8res.\u00a0\u00bb<\/span><\/p>\n","protected":false},"excerpt":{"rendered":"<p>Merci \u00e0 la 1\u00e8re Compagnie de Chennevi\u00e8res pour cet article: \u00ab\u00a0Suite \u00e0\u00a0 l&rsquo;annonce des r\u00e9sultats du Prix de Famille 2017, toutes les [&hellip;]<\/p>\n","protected":false},"author":1,"featured_media":0,"parent":1130,"menu_order":0,"comment_status":"closed","ping_status":"closed","template":"page-templates\/page_fullwidth.php","meta":{"_mc_calendar":[]},"_links":{"self":[{"href":"https:\/\/www.1ciedarcdevincennes.fr\/index.php\/wp-json\/wp\/v2\/pages\/898"}],"collection":[{"href":"https:\/\/www.1ciedarcdevincennes.fr\/index.php\/wp-json\/wp\/v2\/pages"}],"about":[{"href":"https:\/\/www.1ciedarcdevincennes.fr\/index.php\/wp-json\/wp\/v2\/types\/page"}],"author":[{"embeddable":true,"href":"https:\/\/www.1ciedarcdevincennes.fr\/index.php\/wp-json\/wp\/v2\/users\/1"}],"replies":[{"embeddable":true,"href":"https:\/\/www.1ciedarcdevincennes.fr\/index.php\/wp-json\/wp\/v2\/comments?post=898"}],"version-history":[{"count":4,"href":"https:\/\/www.1ciedarcdevincennes.fr\/index.php\/wp-json\/wp\/v2\/pages\/898\/revisions"}],"predecessor-version":[{"id":907,"href":"https:\/\/www.1ciedarcdevincennes.fr\/index.php\/wp-json\/wp\/v2\/pages\/898\/revisions\/907"}],"up":[{"embeddable":true,"href":"https:\/\/www.1ciedarcdevincennes.fr\/index.php\/wp-json\/wp\/v2\/pages\/1130"}],"wp:attachment":[{"href":"https:\/\/www.1ciedarcdevincennes.fr\/index.php\/wp-json\/wp\/v2\/media?parent=898"}],"curies":[{"name":"wp","href":"https:\/\/api.w.org\/{rel}","templated":true}]}}