{"id":911,"date":"2017-10-30T21:34:15","date_gmt":"2017-10-30T20:34:15","guid":{"rendered":"http:\/\/www.1ciedarcdevincennes.fr\/?page_id=911"},"modified":"2017-12-03T21:08:36","modified_gmt":"2017-12-03T20:08:36","slug":"un-vincennois-dans-la-capitale-du-pays-du-longbow","status":"publish","type":"page","link":"https:\/\/www.1ciedarcdevincennes.fr\/index.php\/actualites\/actualites-2017\/un-vincennois-dans-la-capitale-du-pays-du-longbow\/","title":{"rendered":"Un vincennois dans la \u2018\u2019capitale du pays du Longbow\u2019\u2019"},"content":{"rendered":"<p style=\"text-align: justify;\"><span style=\"color: #ffffff;\">&#8211;<\/span><strong><span style=\"font-family: comic sans ms,sans-serif; font-size: 14pt;\">Le week-end du 7 et 8 octobre 2017<\/span><\/strong><\/p>\n<p style=\"text-align: justify;\"><span style=\"color: #ffffff;\">&#8211;<\/span><\/p>\n<p style=\"text-align: justify;\"><span style=\"font-family: comic sans ms,sans-serif; font-size: 14pt;\">La \u00ab\u00a0F<img loading=\"lazy\" class=\" wp-image-913 alignleft\" src=\"https:\/\/www.1ciedarcdevincennes.fr\/wp-content\/uploads\/2017\/10\/grasshopper-1-300x225.jpg\" alt=\"grasshopper (1)\" width=\"406\" height=\"304\" srcset=\"https:\/\/www.1ciedarcdevincennes.fr\/wp-content\/uploads\/2017\/10\/grasshopper-1-300x225.jpg 300w, https:\/\/www.1ciedarcdevincennes.fr\/wp-content\/uploads\/2017\/10\/grasshopper-1-768x576.jpg 768w, https:\/\/www.1ciedarcdevincennes.fr\/wp-content\/uploads\/2017\/10\/grasshopper-1-230x173.jpg 230w, https:\/\/www.1ciedarcdevincennes.fr\/wp-content\/uploads\/2017\/10\/grasshopper-1-350x263.jpg 350w, https:\/\/www.1ciedarcdevincennes.fr\/wp-content\/uploads\/2017\/10\/grasshopper-1-480x360.jpg 480w, https:\/\/www.1ciedarcdevincennes.fr\/wp-content\/uploads\/2017\/10\/grasshopper-1.jpg 800w\" sizes=\"(max-width: 406px) 100vw, 406px\" \/>raternity\u00a0\u00bb St Georges\u00a0 organise chaque ann\u00e9e une rencontre dans Londres pour le plaisir des hommes et femmes qui\u00a0 pratiquent \u00ab\u00a0l&rsquo;archerie avec un longbow\u00a0\u00bb.<\/span><\/p>\n<p style=\"text-align: justify;\"><span style=\"font-family: comic sans ms,sans-serif; font-size: 14pt;\">Le <strong>samedi<\/strong> matin, il s&rsquo;agissait de d\u00e9couvrir, dans la \u00ab\u00a0City of London\u00bb, les restes actuels de la pr\u00e9sence de l&rsquo;archerie dans la soci\u00e9t\u00e9 anglaise m\u00e9di\u00e9vale et post m\u00e9di\u00e9vale. La d\u00e9couverte de plusieurs marques \u00ab\u00a0affili\u00e9es\u00a0\u00bb \u00e0 l&rsquo;archerie et toujours en place\u00a0dans la City, fut pour moi un \u00e9tonnement remarquable. Cette \u00ab\u00a0ballade\u00a0\u00bb de 3 heures, dirig\u00e9e par le Capitaine Brian Mooyaart, f\u00fbt\u00a0 passionnante.<\/span><\/p>\n<p style=\"text-align: justify;\"><span style=\"font-family: comic sans ms,sans-serif; font-size: 14pt;\">Chaque marque \u00e9tait sponsoris\u00e9e. Le \u00ab\u00a0sponsor\u00a0\u00bb de l&rsquo;\u00e9poque \u00e9tant un notable ou un \u00e9tablissement fortun\u00e9 qui voulait encourager l&rsquo;entrainement et la comp\u00e9tition des archers.<\/span><\/p>\n<p style=\"text-align: justify;\"><span style=\"color: #ffffff;\">&#8211;<\/span><\/p>\n<p style=\"text-align: justify;\"><span style=\"font-family: comic sans ms,sans-serif; font-size: 14pt;\"><img loading=\"lazy\" class=\"wp-image-918 alignright\" src=\"https:\/\/www.1ciedarcdevincennes.fr\/wp-content\/uploads\/2017\/10\/tir-HAC-1-212x300.jpg\" alt=\"tir HAC (1)\" width=\"282\" height=\"400\" srcset=\"https:\/\/www.1ciedarcdevincennes.fr\/wp-content\/uploads\/2017\/10\/tir-HAC-1-212x300.jpg 212w, https:\/\/www.1ciedarcdevincennes.fr\/wp-content\/uploads\/2017\/10\/tir-HAC-1-230x325.jpg 230w, https:\/\/www.1ciedarcdevincennes.fr\/wp-content\/uploads\/2017\/10\/tir-HAC-1-350x495.jpg 350w, https:\/\/www.1ciedarcdevincennes.fr\/wp-content\/uploads\/2017\/10\/tir-HAC-1-480x679.jpg 480w, https:\/\/www.1ciedarcdevincennes.fr\/wp-content\/uploads\/2017\/10\/tir-HAC-1.jpg 543w\" sizes=\"(max-width: 282px) 100vw, 282px\" \/><\/span><\/p>\n<p style=\"text-align: justify;\"><span style=\"font-family: comic sans ms,sans-serif; font-size: 14pt;\">Au Moyen Age, les quartiers non constructibles, en dehors des murs d&rsquo;enceintes de Londres, offraient la possibilit\u00e9 de fixer une multitude de marques. Par d\u00e9cret royal \u00e0 l&rsquo;\u00e9poque, un anglais apte au tir \u00e0\u00a0 l&rsquo;arc devait s&rsquo;entra\u00eener chaque semaine. Henry VIII, excellent archer, voulu encourager l&rsquo;entrainement m\u00eame lorsque le fusil arr\u00eata cette obligation d&rsquo;entrainement. Henry VIII donna de l&rsquo;argent pendant quelques ann\u00e9es pour encourager les \u00e9normes comp\u00e9titions organis\u00e9es de Tir aux marques.<\/span><\/p>\n<p style=\"text-align: justify;\"><span style=\"font-family: comic sans ms,sans-serif; font-size: 14pt;\">Pour revenir \u00e0\u00a0 notre visite. Nous sommes arriv\u00e9s dans un quartier surprenant o\u00f9 les noms des rues \u00e9taient syst\u00e9matiquement tous avec un rapport avec l&rsquo;archerie, tels que \u00ab\u00a0bow street, fletcher street, arrow street etc\u00a0!! etc\u00a0!!<\/span><\/p>\n<p style=\"text-align: justify;\"><span style=\"font-family: comic sans ms,sans-serif; font-size: 14pt;\">Cette juxtaposition indique clairement, que m\u00eame si les habitants actuels ne se rendent pas compte de l&rsquo;origine des noms. Nous \u00e9tions vraiment sur les anciens terrains d&rsquo;entrainement des archers du \u00ab\u00a0Finsbury Fields\u00a0\u00bb.\u00a0 Pour terminer la ballade bien s\u00fbr dans un pub typiquement anglais au Rosemary&rsquo;s Inn qui a lui-m\u00eame le nom d&rsquo;une marque qui se trouvait tr\u00e8s pr\u00e8s.<\/span><\/p>\n<p style=\"text-align: justify;\"><span style=\"color: #ffffff;\">&#8211;<\/span><\/p>\n<p style=\"text-align: justify;\"><span style=\"color: #ffffff;\">&#8211;<img loading=\"lazy\" class=\" wp-image-916 aligncenter\" src=\"https:\/\/www.1ciedarcdevincennes.fr\/wp-content\/uploads\/2017\/10\/P1040726s-300x225.jpg\" alt=\"P1040726s\" width=\"337\" height=\"253\" srcset=\"https:\/\/www.1ciedarcdevincennes.fr\/wp-content\/uploads\/2017\/10\/P1040726s-300x225.jpg 300w, https:\/\/www.1ciedarcdevincennes.fr\/wp-content\/uploads\/2017\/10\/P1040726s-768x576.jpg 768w, https:\/\/www.1ciedarcdevincennes.fr\/wp-content\/uploads\/2017\/10\/P1040726s-830x623.jpg 830w, https:\/\/www.1ciedarcdevincennes.fr\/wp-content\/uploads\/2017\/10\/P1040726s-230x173.jpg 230w, https:\/\/www.1ciedarcdevincennes.fr\/wp-content\/uploads\/2017\/10\/P1040726s-350x263.jpg 350w, https:\/\/www.1ciedarcdevincennes.fr\/wp-content\/uploads\/2017\/10\/P1040726s-480x360.jpg 480w, https:\/\/www.1ciedarcdevincennes.fr\/wp-content\/uploads\/2017\/10\/P1040726s.jpg 1000w\" sizes=\"(max-width: 337px) 100vw, 337px\" \/><\/span><\/p>\n<p style=\"text-align: justify;\"><span style=\"font-family: comic sans ms,sans-serif; font-size: 14pt;\">\u00a0<\/span><\/p>\n<p style=\"text-align: justify;\"><span style=\"font-family: comic sans ms,sans-serif; font-size: 14pt;\"><strong>Dimanche: <\/strong>Tir au sein du R\u00e9giment de la Reine le Honourable Artillery Company, au c\u0153ur de Londres. Le plus ancien r\u00e9giment de combat au monde en \u00ab\u00a0activit\u00e9\u00a0\u00bb. Le matin tir aux marques et l&rsquo;apr\u00e8s midi apr\u00e8s un bon \u00ab\u00a0curry militaire\u00a0\u00bb. Tir vitesse. 3 marques, distances inconnues A.B.C. Le capitaine d\u00e9cide la premi\u00e8re marque \u00e0 tirer\u00a0; et toutes les 20\/ 30 secondes indique une autre marque, puis une autre et ceci sur 4 \u00e0\u00a0 5 fl\u00e8ches maxi pour les \u00ab\u00a0artistes\u00a0\u00bb. Exp\u00e9rience inoubliable et toujours dans un esprit sportif et convivial, et ceci avec la fanfare militaire du r\u00e9giment \u00e0\u00a0 l&rsquo;exercice\u00a0 en pr\u00e9vision d&rsquo;un prochain d\u00e9fil\u00e9 officiel. Remise des prix, troph\u00e9es et dipl\u00f4mes, et fin de cette journ\u00e9e dans l&rsquo;excellent pub jouxtant la caserne. Remerciements \u00e0 Catherine \u00e9pouse de Brian, et secr\u00e9taire de la \u00ab\u00a0Fraternity ,pour les photos sur HAC\u00a0; site o\u00f9, elle seule \u00e9tait autoris\u00e9e \u00e0\u00a0 en faire. Week-end formidable et sous un soleil londonien. <\/span><\/p>\n<p style=\"text-align: justify;\"><span style=\"font-family: comic sans ms,sans-serif; font-size: 14pt;\"><span style=\"font-family: comic sans ms,sans-serif; font-size: 14pt;\"><img loading=\"lazy\" class=\"wp-image-915 alignleft\" src=\"https:\/\/www.1ciedarcdevincennes.fr\/wp-content\/uploads\/2017\/10\/P1040693s-300x225.jpg\" alt=\"P1040693s\" width=\"337\" height=\"253\" srcset=\"https:\/\/www.1ciedarcdevincennes.fr\/wp-content\/uploads\/2017\/10\/P1040693s-300x225.jpg 300w, https:\/\/www.1ciedarcdevincennes.fr\/wp-content\/uploads\/2017\/10\/P1040693s-768x576.jpg 768w, https:\/\/www.1ciedarcdevincennes.fr\/wp-content\/uploads\/2017\/10\/P1040693s-830x623.jpg 830w, https:\/\/www.1ciedarcdevincennes.fr\/wp-content\/uploads\/2017\/10\/P1040693s-230x173.jpg 230w, https:\/\/www.1ciedarcdevincennes.fr\/wp-content\/uploads\/2017\/10\/P1040693s-350x263.jpg 350w, https:\/\/www.1ciedarcdevincennes.fr\/wp-content\/uploads\/2017\/10\/P1040693s-480x360.jpg 480w, https:\/\/www.1ciedarcdevincennes.fr\/wp-content\/uploads\/2017\/10\/P1040693s.jpg 1000w\" sizes=\"(max-width: 337px) 100vw, 337px\" \/><\/span><b><span style=\"font-family: comic sans ms,sans-serif; font-size: 14pt;\"><img loading=\"lazy\" class=\" wp-image-914 alignleft\" src=\"https:\/\/www.1ciedarcdevincennes.fr\/wp-content\/uploads\/2017\/10\/P1040690s-300x225.jpg\" alt=\"P1040690s\" width=\"337\" height=\"253\" srcset=\"https:\/\/www.1ciedarcdevincennes.fr\/wp-content\/uploads\/2017\/10\/P1040690s-300x225.jpg 300w, https:\/\/www.1ciedarcdevincennes.fr\/wp-content\/uploads\/2017\/10\/P1040690s-768x576.jpg 768w, https:\/\/www.1ciedarcdevincennes.fr\/wp-content\/uploads\/2017\/10\/P1040690s-830x623.jpg 830w, https:\/\/www.1ciedarcdevincennes.fr\/wp-content\/uploads\/2017\/10\/P1040690s-230x173.jpg 230w, https:\/\/www.1ciedarcdevincennes.fr\/wp-content\/uploads\/2017\/10\/P1040690s-350x263.jpg 350w, https:\/\/www.1ciedarcdevincennes.fr\/wp-content\/uploads\/2017\/10\/P1040690s-480x360.jpg 480w, https:\/\/www.1ciedarcdevincennes.fr\/wp-content\/uploads\/2017\/10\/P1040690s.jpg 1000w\" sizes=\"(max-width: 337px) 100vw, 337px\" \/><\/span><span style=\"font-family: comic sans ms,sans-serif; font-size: 14pt;\"><img loading=\"lazy\" class=\" wp-image-917 alignleft\" src=\"https:\/\/www.1ciedarcdevincennes.fr\/wp-content\/uploads\/2017\/10\/P1040762s-300x225.jpg\" alt=\"P1040762s\" width=\"337\" height=\"253\" srcset=\"https:\/\/www.1ciedarcdevincennes.fr\/wp-content\/uploads\/2017\/10\/P1040762s-300x225.jpg 300w, https:\/\/www.1ciedarcdevincennes.fr\/wp-content\/uploads\/2017\/10\/P1040762s-768x576.jpg 768w, https:\/\/www.1ciedarcdevincennes.fr\/wp-content\/uploads\/2017\/10\/P1040762s-830x623.jpg 830w, https:\/\/www.1ciedarcdevincennes.fr\/wp-content\/uploads\/2017\/10\/P1040762s-230x173.jpg 230w, https:\/\/www.1ciedarcdevincennes.fr\/wp-content\/uploads\/2017\/10\/P1040762s-350x263.jpg 350w, https:\/\/www.1ciedarcdevincennes.fr\/wp-content\/uploads\/2017\/10\/P1040762s-480x360.jpg 480w, https:\/\/www.1ciedarcdevincennes.fr\/wp-content\/uploads\/2017\/10\/P1040762s.jpg 1000w\" sizes=\"(max-width: 337px) 100vw, 337px\" \/><\/span><\/b><\/span><\/p>\n<p style=\"text-align: justify;\"><span style=\"color: #ffffff;\">&#8211;<\/span><\/p>\n<p style=\"text-align: justify;\"><span style=\"color: #ffffff;\">&#8211;<\/span><\/p>\n<p style=\"text-align: justify;\"><span style=\"color: #ffffff;\">&#8212;<\/span><\/p>\n<p style=\"text-align: justify;\"><span style=\"color: #ffffff;\">&#8211;<\/span><\/p>\n<p style=\"text-align: justify;\"><span style=\"color: #ffffff;\">&#8211;<\/span><\/p>\n<p style=\"text-align: justify;\"><span style=\"color: #ffffff;\">&#8211;<\/span><\/p>\n<p style=\"text-align: justify;\"><span style=\"color: #ffffff;\">&#8211;<\/span><\/p>\n<p style=\"text-align: justify;\"><span style=\"color: #ffffff;\">&#8211;<\/span><span style=\"color: #ffffff;\">&#8211;<\/span><\/p>\n<p style=\"text-align: justify;\"><span style=\"font-family: comic sans ms,sans-serif; font-size: 14pt;\"><strong>Salut et Fraternit\u00e9 \u00e0 toutes et tous.<\/strong><\/span><\/p>\n<p style=\"text-align: justify;\"><span style=\"font-family: comic sans ms,sans-serif; font-size: 14pt;\">Patrick Fradin, Archer 1\u00e8re Cie Vincennes<\/span><\/p>\n<p style=\"text-align: justify;\"><span style=\"font-family: comic sans ms,sans-serif; font-size: 14pt;\">Pour voir le film\u00a0: <a href=\"http:\/\/www.longbow-archers.com\/videos.html\">www.longbow-archers.com\/videos.html<\/a><\/span><\/p>\n<p style=\"text-align: justify;\"><span style=\"font-family: comic sans ms,sans-serif; font-size: 14pt;\">Les photos et vid\u00e9os sont la propri\u00e9t\u00e9s de la Fraternity St Georges avec son accord pour consultation.<\/span><\/p>\n<p>&nbsp;<\/p>\n","protected":false},"excerpt":{"rendered":"<p>&#8211;Le week-end du 7 et 8 octobre 2017 &#8211; La \u00ab\u00a0Fraternity\u00a0\u00bb St Georges\u00a0 organise chaque ann\u00e9e une rencontre dans Londres pour le [&hellip;]<\/p>\n","protected":false},"author":1,"featured_media":0,"parent":1130,"menu_order":0,"comment_status":"closed","ping_status":"closed","template":"page-templates\/page_fullwidth.php","meta":{"_mc_calendar":[]},"_links":{"self":[{"href":"https:\/\/www.1ciedarcdevincennes.fr\/index.php\/wp-json\/wp\/v2\/pages\/911"}],"collection":[{"href":"https:\/\/www.1ciedarcdevincennes.fr\/index.php\/wp-json\/wp\/v2\/pages"}],"about":[{"href":"https:\/\/www.1ciedarcdevincennes.fr\/index.php\/wp-json\/wp\/v2\/types\/page"}],"author":[{"embeddable":true,"href":"https:\/\/www.1ciedarcdevincennes.fr\/index.php\/wp-json\/wp\/v2\/users\/1"}],"replies":[{"embeddable":true,"href":"https:\/\/www.1ciedarcdevincennes.fr\/index.php\/wp-json\/wp\/v2\/comments?post=911"}],"version-history":[{"count":39,"href":"https:\/\/www.1ciedarcdevincennes.fr\/index.php\/wp-json\/wp\/v2\/pages\/911\/revisions"}],"predecessor-version":[{"id":959,"href":"https:\/\/www.1ciedarcdevincennes.fr\/index.php\/wp-json\/wp\/v2\/pages\/911\/revisions\/959"}],"up":[{"embeddable":true,"href":"https:\/\/www.1ciedarcdevincennes.fr\/index.php\/wp-json\/wp\/v2\/pages\/1130"}],"wp:attachment":[{"href":"https:\/\/www.1ciedarcdevincennes.fr\/index.php\/wp-json\/wp\/v2\/media?parent=911"}],"curies":[{"name":"wp","href":"https:\/\/api.w.org\/{rel}","templated":true}]}}