{"id":963,"date":"2017-11-03T20:37:49","date_gmt":"2017-11-03T19:37:49","guid":{"rendered":"http:\/\/www.1ciedarcdevincennes.fr\/?page_id=963"},"modified":"2017-12-03T21:06:45","modified_gmt":"2017-12-03T20:06:45","slug":"prix-du-roi-2017","status":"publish","type":"page","link":"https:\/\/www.1ciedarcdevincennes.fr\/index.php\/actualites\/actualites-2017\/prix-du-roi-2017\/","title":{"rendered":"Prix du Roi 2017"},"content":{"rendered":"<p style=\"text-align: justify;\"><img loading=\"lazy\" class=\"size-medium wp-image-972 alignleft\" src=\"https:\/\/www.1ciedarcdevincennes.fr\/wp-content\/uploads\/2017\/11\/Carte-Prix-du-roi-2017_2-169x300.jpg\" alt=\"Carte Prix du roi 2017_2\" width=\"169\" height=\"300\" srcset=\"https:\/\/www.1ciedarcdevincennes.fr\/wp-content\/uploads\/2017\/11\/Carte-Prix-du-roi-2017_2-169x300.jpg 169w, https:\/\/www.1ciedarcdevincennes.fr\/wp-content\/uploads\/2017\/11\/Carte-Prix-du-roi-2017_2-576x1024.jpg 576w, https:\/\/www.1ciedarcdevincennes.fr\/wp-content\/uploads\/2017\/11\/Carte-Prix-du-roi-2017_2-230x409.jpg 230w, https:\/\/www.1ciedarcdevincennes.fr\/wp-content\/uploads\/2017\/11\/Carte-Prix-du-roi-2017_2-350x622.jpg 350w, https:\/\/www.1ciedarcdevincennes.fr\/wp-content\/uploads\/2017\/11\/Carte-Prix-du-roi-2017_2-480x853.jpg 480w, https:\/\/www.1ciedarcdevincennes.fr\/wp-content\/uploads\/2017\/11\/Carte-Prix-du-roi-2017_2.jpg 752w\" sizes=\"(max-width: 169px) 100vw, 169px\" \/><span style=\"color: #ffffff;\"> <img loading=\"lazy\" class=\"size-medium wp-image-971 alignright\" src=\"https:\/\/www.1ciedarcdevincennes.fr\/wp-content\/uploads\/2017\/11\/Carte-Prix-du-roi-2017_1-169x300.jpg\" alt=\"Carte Prix du roi 2017_1\" width=\"169\" height=\"300\" srcset=\"https:\/\/www.1ciedarcdevincennes.fr\/wp-content\/uploads\/2017\/11\/Carte-Prix-du-roi-2017_1-169x300.jpg 169w, https:\/\/www.1ciedarcdevincennes.fr\/wp-content\/uploads\/2017\/11\/Carte-Prix-du-roi-2017_1-576x1024.jpg 576w, https:\/\/www.1ciedarcdevincennes.fr\/wp-content\/uploads\/2017\/11\/Carte-Prix-du-roi-2017_1-230x409.jpg 230w, https:\/\/www.1ciedarcdevincennes.fr\/wp-content\/uploads\/2017\/11\/Carte-Prix-du-roi-2017_1-350x622.jpg 350w, https:\/\/www.1ciedarcdevincennes.fr\/wp-content\/uploads\/2017\/11\/Carte-Prix-du-roi-2017_1-480x853.jpg 480w, https:\/\/www.1ciedarcdevincennes.fr\/wp-content\/uploads\/2017\/11\/Carte-Prix-du-roi-2017_1.jpg 752w\" sizes=\"(max-width: 169px) 100vw, 169px\" \/>&#8211;<\/span><\/p>\n<p style=\"text-align: justify;\"><span style=\"color: #ffffff;\">&#8211;<\/span><\/p>\n<p style=\"text-align: center;\">Dimanche 29 Octobre notre bon Roi \u00e0 rendu son Tir.<\/p>\n<p style=\"text-align: center;\">Deux \u00e9quipes s&rsquo;affrontaient: les sympathisants du Roi et les r\u00e9volutionnaires.<\/p>\n<p style=\"text-align: center;\">Comme de juste au cri Montjoye Saint Denis les troupes royales ont terrass\u00e9 les m\u00e9cr\u00e9ants.<\/p>\n<p>&nbsp;<\/p>\n","protected":false},"excerpt":{"rendered":"<p>&#8211; &#8211; Dimanche 29 Octobre notre bon Roi \u00e0 rendu son Tir. Deux \u00e9quipes s&rsquo;affrontaient: les sympathisants du Roi et les r\u00e9volutionnaires. [&hellip;]<\/p>\n","protected":false},"author":1,"featured_media":0,"parent":1130,"menu_order":0,"comment_status":"closed","ping_status":"closed","template":"page-templates\/page_fullwidth.php","meta":{"_mc_calendar":[]},"_links":{"self":[{"href":"https:\/\/www.1ciedarcdevincennes.fr\/index.php\/wp-json\/wp\/v2\/pages\/963"}],"collection":[{"href":"https:\/\/www.1ciedarcdevincennes.fr\/index.php\/wp-json\/wp\/v2\/pages"}],"about":[{"href":"https:\/\/www.1ciedarcdevincennes.fr\/index.php\/wp-json\/wp\/v2\/types\/page"}],"author":[{"embeddable":true,"href":"https:\/\/www.1ciedarcdevincennes.fr\/index.php\/wp-json\/wp\/v2\/users\/1"}],"replies":[{"embeddable":true,"href":"https:\/\/www.1ciedarcdevincennes.fr\/index.php\/wp-json\/wp\/v2\/comments?post=963"}],"version-history":[{"count":12,"href":"https:\/\/www.1ciedarcdevincennes.fr\/index.php\/wp-json\/wp\/v2\/pages\/963\/revisions"}],"predecessor-version":[{"id":984,"href":"https:\/\/www.1ciedarcdevincennes.fr\/index.php\/wp-json\/wp\/v2\/pages\/963\/revisions\/984"}],"up":[{"embeddable":true,"href":"https:\/\/www.1ciedarcdevincennes.fr\/index.php\/wp-json\/wp\/v2\/pages\/1130"}],"wp:attachment":[{"href":"https:\/\/www.1ciedarcdevincennes.fr\/index.php\/wp-json\/wp\/v2\/media?parent=963"}],"curies":[{"name":"wp","href":"https:\/\/api.w.org\/{rel}","templated":true}]}}